{"id":85,"date":"2023-01-22T17:36:53","date_gmt":"2023-01-22T17:36:53","guid":{"rendered":"https:\/\/stalszczytno.pl\/?page_id=85"},"modified":"2025-01-10T22:01:50","modified_gmt":"2025-01-10T22:01:50","slug":"kontakt","status":"publish","type":"page","link":"https:\/\/stalszczytno.pl\/index.php\/kontakt\/","title":{"rendered":"Kontakt"},"content":{"rendered":"\n<div class=\"is-layout-flex wp-container-6 wp-block-columns\">\n<div class=\"is-layout-flow wp-block-column\">\n<div class=\"has-global-padding is-layout-constrained wp-block-group is-style-default has-background-background-color has-background\">\n<p class=\"has-text-color has-large-font-size\" style=\"color:#525050\"><strong>Zach\u0119camy do kontaktu mailowego poprzez poni\u017cszy formularz kontaktowy<\/strong><\/p>\n\n\n\n<div class=\"wp-block-contact-form-7-contact-form-selector\"><div class=\"wpcf7 no-js\" id=\"wpcf7-f225-o1\" lang=\"en-US\" dir=\"ltr\">\n<div class=\"screen-reader-response\"><p role=\"status\" aria-live=\"polite\" aria-atomic=\"true\"><\/p> <ul><\/ul><\/div>\n<form action=\"\/index.php\/wp-json\/wp\/v2\/pages\/85#wpcf7-f225-o1\" method=\"post\" class=\"wpcf7-form init\" aria-label=\"Contact form\" novalidate=\"novalidate\" data-status=\"init\">\n<div style=\"display: none;\">\n<input type=\"hidden\" name=\"_wpcf7\" value=\"225\" \/>\n<input type=\"hidden\" name=\"_wpcf7_version\" value=\"5.7.2\" \/>\n<input type=\"hidden\" name=\"_wpcf7_locale\" value=\"en_US\" \/>\n<input type=\"hidden\" name=\"_wpcf7_unit_tag\" value=\"wpcf7-f225-o1\" \/>\n<input type=\"hidden\" name=\"_wpcf7_container_post\" value=\"0\" \/>\n<input type=\"hidden\" name=\"_wpcf7_posted_data_hash\" value=\"\" \/>\n<\/div>\n<p><label> Twoje imi\u0119<br \/>\n<span class=\"wpcf7-form-control-wrap\" data-name=\"your-name\"><input size=\"40\" class=\"wpcf7-form-control wpcf7-text wpcf7-validates-as-required\" autocomplete=\"name\" aria-required=\"true\" aria-invalid=\"false\" value=\"\" type=\"text\" name=\"your-name\" \/><\/span> <\/label>\n<\/p>\n<p><label> Tw\u00f3j adres email<br \/>\n<span class=\"wpcf7-form-control-wrap\" data-name=\"your-email\"><input size=\"40\" class=\"wpcf7-form-control wpcf7-text wpcf7-email wpcf7-validates-as-required wpcf7-validates-as-email\" autocomplete=\"email\" aria-required=\"true\" aria-invalid=\"false\" value=\"\" type=\"email\" name=\"your-email\" \/><\/span> <\/label>\n<\/p>\n<p><label> Temat wiadomo\u015bci<br \/>\n<span class=\"wpcf7-form-control-wrap\" data-name=\"your-subject\"><input size=\"40\" class=\"wpcf7-form-control wpcf7-text wpcf7-validates-as-required\" aria-required=\"true\" aria-invalid=\"false\" value=\"\" type=\"text\" name=\"your-subject\" \/><\/span> <\/label>\n<\/p>\n<p><label> Tre\u015b\u0107 wiadomo\u015bci<br \/>\n<span class=\"wpcf7-form-control-wrap\" data-name=\"your-message\"><textarea cols=\"40\" rows=\"10\" class=\"wpcf7-form-control wpcf7-textarea\" aria-invalid=\"false\" name=\"your-message\"><\/textarea><\/span> <\/label>\n<\/p>\n<p><input class=\"wpcf7-form-control has-spinner wpcf7-submit\" type=\"submit\" value=\"Wy\u015blij\" \/>\n<\/p><div class=\"wpcf7-response-output\" aria-hidden=\"true\"><\/div><\/form><\/div><\/div>\n<\/div>\n\n\n\n<div class=\"is-layout-flex wp-container-4 wp-block-columns\">\n<div class=\"is-layout-flow wp-block-column\">\n<div class=\"has-global-padding is-layout-constrained wp-block-group\">\n<p class=\"has-text-color\" style=\"color:#525050\"><br><br><strong>Kontakt telefoniczny:<\/strong><br>(89) 624 67 35<br>507 511 341<br>537 922 721<br><br><strong>Kontakt mailowy:<\/strong><br>biuro@stalszczytno.pl<br>NIP: 7451693032<br>REGON: 520631175<br><br><strong>Godziny otwarcia:<\/strong><br>poniedzia\u0142ek: 07:00 &#8211; 16:00<br>wtorek: 07:00 &#8211; 16:00<br>\u015broda: 07:00 &#8211; 16:00<br>czwartek: 07:00 &#8211; 16:00<br>pi\u0105tek: 07:00 &#8211; 16:00<br>sobota: nieczynne<br>niedziela: nieczynne<br><br><strong>Adres:<\/strong><br>ul. Przemys\u0142owa 13, 12-100 Szczytno<\/p>\n\n\n<div id=\"wpgmza_map\" class=\"wpgmza_map\" data-settings='{\"id\":\"1\",\"map_title\":\"My first map\",\"map_width\":\"100\",\"map_height\":\"400\",\"map_start_lat\":\"53.55538425\",\"map_start_lng\":\"20.992047271279386\",\"map_start_location\":\"45.950464398418106,-109.81550500000003\",\"map_start_zoom\":\"16\",\"default_marker\":\"\",\"type\":\"0\",\"alignment\":\"4\",\"directions_enabled\":\"0\",\"styling_enabled\":\"0\",\"styling_json\":\"\",\"active\":\"0\",\"kml\":\"\",\"bicycle\":\"0\",\"traffic\":\"0\",\"dbox\":\"0\",\"dbox_width\":\"\",\"listmarkers\":\"0\",\"listmarkers_advanced\":\"0\",\"filterbycat\":\"0\",\"ugm_enabled\":\"0\",\"ugm_category_enabled\":\"0\",\"fusion\":\"\",\"map_width_type\":\"%\",\"map_height_type\":\"px\",\"mass_marker_support\":\"0\",\"ugm_access\":\"0\",\"order_markers_by\":\"0\",\"order_markers_choice\":\"0\",\"show_user_location\":\"0\",\"default_to\":\"\",\"other_settings\":{\"map_type\":1,\"sl_stroke_color\":\"\",\"sl_fill_color\":\"\",\"sl_stroke_opacity\":\"\",\"sl_fill_opacity\":\"\",\"transport_layer\":false,\"action\":\"wpgmza_save_map\",\"redirect_to\":\"\\\/wp-admin\\\/admin-post.php\",\"map_id\":\"1\",\"http_referer\":\"\\\/wp-admin\\\/admin.php?page=wp-google-maps-menu&amp;amp;action=edit&amp;amp;map_id=1\",\"wpgmza_id\":\"1\",\"wpgmza_start_location\":\"53.55538425,20.992047271279386\",\"wpgmza_start_zoom\":\"2\",\"store_locator_enabled\":false,\"store_locator_search_area\":\"radial\",\"wpgmza_store_locator_radius_style\":\"legacy\",\"wpgmza_store_locator_default_radius\":\"10\",\"store_locator_auto_area_max_zoom\":\"\",\"store_locator_distance\":false,\"wpgmza_store_locator_position\":false,\"store_locator_show_distance\":false,\"store_locator_category\":false,\"wpgmza_store_locator_use_their_location\":false,\"wpgmza_store_locator_bounce\":false,\"wpgmza_sl_animation\":null,\"wpgmza_store_locator_hide_before_search\":false,\"store_locator_query_string\":\"\",\"store_locator_location_placeholder\":\"\",\"store_locator_default_address\":\"\",\"store_locator_name_search\":false,\"store_locator_name_string\":\"\",\"store_locator_not_found_message\":\"\",\"wpgmza_map_align\":\"1\",\"jump_to_nearest_marker_on_initialization\":false,\"automatically_pan_to_users_location\":false,\"override_users_location_zoom_level\":false,\"override_users_location_zoom_levels\":\"\",\"show_distance_from_location\":false,\"map_max_zoom\":\"21\",\"map_min_zoom\":\"0\",\"click_open_link\":false,\"fit_maps_bounds_to_markers\":false,\"fit_maps_bounds_to_markers_after_filtering\":false,\"hide_point_of_interest\":false,\"wpgmza_zoom_on_marker_click\":false,\"wpgmza_zoom_on_marker_click_slider\":\"\",\"close_infowindow_on_map_click\":false,\"disable_lightbox_images\":false,\"use_Raw_Jpeg_Coordinates\":false,\"disable_polygon_info_windows\":false,\"enable_marker_ratings\":false,\"only_load_markers_within_viewport\":false,\"iw_primary_color\":\"#000000\",\"iw_accent_color\":\"#000000\",\"iw_text_color\":\"#000000\",\"wpgmza_listmarkers_by\":\"0\",\"wpgmza_marker_listing_position\":false,\"zoom_level_on_marker_listing_override\":false,\"zoom_level_on_marker_listing_click\":\"\",\"marker_listing_disable_zoom\":false,\"datatable_no_result_message\":\"\",\"remove_search_box_datables\":false,\"dataTable_pagination_style\":null,\"datatable_search_string\":\"\",\"datatable_result_start\":\"\",\"datatable_result_of\":\"\",\"datatable_result_to\":\"\",\"datatable_result_total\":\"\",\"datatable_result_show\":\"\",\"datatable_result_entries\":\"\",\"wpgmza_savemap\":\"Save Map \\u00bb\"}}' data-map-id='1' Data-maps-engine='open-layers' data-shortcode-attributes='{\"id\":\"1\"}' style=\"display:block; overflow:auto; width:100%; height:400px; float:left;\"><\/div><\/div>\n<\/div>\n<\/div>\n<\/div>\n<\/div>\n","protected":false},"excerpt":{"rendered":"<p>Zach\u0119camy do kontaktu mailowego poprzez poni\u017cszy formularz kontaktowy Kontakt telefoniczny:(89) 624 67 35507 511 341537 922 721 Kontakt mailowy:biuro@stalszczytno.plNIP: 7451693032REGON: 520631175 Godziny otwarcia:poniedzia\u0142ek: 07:00 &#8211; 16:00wtorek: 07:00 &#8211; 16:00\u015broda: 07:00 &#8211; 16:00czwartek: 07:00 &#8211; 16:00pi\u0105tek: 07:00 &#8211; 16:00sobota: nieczynneniedziela: nieczynne Adres:ul. Przemys\u0142owa 13, 12-100 Szczytno<\/p>\n","protected":false},"author":1,"featured_media":0,"parent":0,"menu_order":0,"comment_status":"closed","ping_status":"closed","template":"","meta":[],"yoast_head":"<!-- This site is optimized with the Yoast SEO plugin v20.1 - https:\/\/yoast.com\/wordpress\/plugins\/seo\/ -->\n<title>P.H.U Hurtownia stali Justyna Kobus - Szczytno<\/title>\n<meta name=\"description\" content=\"Zach\u0119camy do kontaktu przez formularz kontaktowy, telefon b\u0105d\u017a adres e-mail.\" \/>\n<meta name=\"robots\" content=\"index, follow, max-snippet:-1, max-image-preview:large, max-video-preview:-1\" \/>\n<link rel=\"canonical\" href=\"https:\/\/stalszczytno.pl\/index.php\/kontakt\/\" \/>\n<meta property=\"og:locale\" content=\"pl_PL\" \/>\n<meta property=\"og:type\" content=\"article\" \/>\n<meta property=\"og:title\" content=\"P.H.U Hurtownia stali Justyna Kobus - Szczytno\" \/>\n<meta property=\"og:description\" content=\"Zach\u0119camy do kontaktu przez formularz kontaktowy, telefon b\u0105d\u017a adres e-mail.\" \/>\n<meta property=\"og:url\" content=\"https:\/\/stalszczytno.pl\/index.php\/kontakt\/\" \/>\n<meta property=\"og:site_name\" content=\"P.H.U Hurtownia Stali Justyna Kobus\" \/>\n<meta property=\"article:modified_time\" content=\"2025-01-10T22:01:50+00:00\" \/>\n<meta property=\"og:image\" content=\"https:\/\/stalszczytno.pl\/wp-content\/uploads\/2023\/02\/stal_logo.webp\" \/>\n\t<meta property=\"og:image:width\" content=\"730\" \/>\n\t<meta property=\"og:image:height\" content=\"512\" \/>\n\t<meta property=\"og:image:type\" content=\"image\/webp\" \/>\n<meta name=\"twitter:card\" content=\"summary_large_image\" \/>\n<meta name=\"twitter:label1\" content=\"Est. reading time\" \/>\n\t<meta name=\"twitter:data1\" content=\"1 minuta\" \/>\n<script type=\"application\/ld+json\" class=\"yoast-schema-graph\">{\"@context\":\"https:\/\/schema.org\",\"@graph\":[{\"@type\":\"WebPage\",\"@id\":\"https:\/\/stalszczytno.pl\/index.php\/kontakt\/\",\"url\":\"https:\/\/stalszczytno.pl\/index.php\/kontakt\/\",\"name\":\"P.H.U Hurtownia stali Justyna Kobus - Szczytno\",\"isPartOf\":{\"@id\":\"https:\/\/stalszczytno.pl\/#website\"},\"datePublished\":\"2023-01-22T17:36:53+00:00\",\"dateModified\":\"2025-01-10T22:01:50+00:00\",\"description\":\"Zach\u0119camy do kontaktu przez formularz kontaktowy, telefon b\u0105d\u017a adres e-mail.\",\"breadcrumb\":{\"@id\":\"https:\/\/stalszczytno.pl\/index.php\/kontakt\/#breadcrumb\"},\"inLanguage\":\"pl-PL\",\"potentialAction\":[{\"@type\":\"ReadAction\",\"target\":[\"https:\/\/stalszczytno.pl\/index.php\/kontakt\/\"]}]},{\"@type\":\"BreadcrumbList\",\"@id\":\"https:\/\/stalszczytno.pl\/index.php\/kontakt\/#breadcrumb\",\"itemListElement\":[{\"@type\":\"ListItem\",\"position\":1,\"name\":\"Home\",\"item\":\"https:\/\/stalszczytno.pl\/\"},{\"@type\":\"ListItem\",\"position\":2,\"name\":\"Kontakt\"}]},{\"@type\":\"WebSite\",\"@id\":\"https:\/\/stalszczytno.pl\/#website\",\"url\":\"https:\/\/stalszczytno.pl\/\",\"name\":\"P.H.U Hurtownia Stali Justyna Kobus\",\"description\":\"P.H.U Hurtownia Stali Justyna Kobus\",\"publisher\":{\"@id\":\"https:\/\/stalszczytno.pl\/#organization\"},\"alternateName\":\"Hurtownia Stali Szczytno\",\"potentialAction\":[{\"@type\":\"SearchAction\",\"target\":{\"@type\":\"EntryPoint\",\"urlTemplate\":\"https:\/\/stalszczytno.pl\/?s={search_term_string}\"},\"query-input\":\"required name=search_term_string\"}],\"inLanguage\":\"pl-PL\"},{\"@type\":\"Organization\",\"@id\":\"https:\/\/stalszczytno.pl\/#organization\",\"name\":\"P.H.U Hurtownia Stali Justyna Kobus\",\"alternateName\":\"P.H.U Hurtownia Stali Justyna Kobus\",\"url\":\"https:\/\/stalszczytno.pl\/\",\"logo\":{\"@type\":\"ImageObject\",\"inLanguage\":\"pl-PL\",\"@id\":\"https:\/\/stalszczytno.pl\/#\/schema\/logo\/image\/\",\"url\":\"https:\/\/stalszczytno.pl\/wp-content\/uploads\/2023\/02\/stal_logo.webp\",\"contentUrl\":\"https:\/\/stalszczytno.pl\/wp-content\/uploads\/2023\/02\/stal_logo.webp\",\"width\":730,\"height\":512,\"caption\":\"P.H.U Hurtownia Stali Justyna Kobus\"},\"image\":{\"@id\":\"https:\/\/stalszczytno.pl\/#\/schema\/logo\/image\/\"}}]}<\/script>\n<!-- \/ Yoast SEO plugin. -->","yoast_head_json":{"title":"P.H.U Hurtownia stali Justyna Kobus - Szczytno","description":"Zach\u0119camy do kontaktu przez formularz kontaktowy, telefon b\u0105d\u017a adres e-mail.","robots":{"index":"index","follow":"follow","max-snippet":"max-snippet:-1","max-image-preview":"max-image-preview:large","max-video-preview":"max-video-preview:-1"},"canonical":"https:\/\/stalszczytno.pl\/index.php\/kontakt\/","og_locale":"pl_PL","og_type":"article","og_title":"P.H.U Hurtownia stali Justyna Kobus - Szczytno","og_description":"Zach\u0119camy do kontaktu przez formularz kontaktowy, telefon b\u0105d\u017a adres e-mail.","og_url":"https:\/\/stalszczytno.pl\/index.php\/kontakt\/","og_site_name":"P.H.U Hurtownia Stali Justyna Kobus","article_modified_time":"2025-01-10T22:01:50+00:00","og_image":[{"width":730,"height":512,"url":"https:\/\/stalszczytno.pl\/wp-content\/uploads\/2023\/02\/stal_logo.webp","type":"image\/webp"}],"twitter_card":"summary_large_image","twitter_misc":{"Est. reading time":"1 minuta"},"schema":{"@context":"https:\/\/schema.org","@graph":[{"@type":"WebPage","@id":"https:\/\/stalszczytno.pl\/index.php\/kontakt\/","url":"https:\/\/stalszczytno.pl\/index.php\/kontakt\/","name":"P.H.U Hurtownia stali Justyna Kobus - Szczytno","isPartOf":{"@id":"https:\/\/stalszczytno.pl\/#website"},"datePublished":"2023-01-22T17:36:53+00:00","dateModified":"2025-01-10T22:01:50+00:00","description":"Zach\u0119camy do kontaktu przez formularz kontaktowy, telefon b\u0105d\u017a adres e-mail.","breadcrumb":{"@id":"https:\/\/stalszczytno.pl\/index.php\/kontakt\/#breadcrumb"},"inLanguage":"pl-PL","potentialAction":[{"@type":"ReadAction","target":["https:\/\/stalszczytno.pl\/index.php\/kontakt\/"]}]},{"@type":"BreadcrumbList","@id":"https:\/\/stalszczytno.pl\/index.php\/kontakt\/#breadcrumb","itemListElement":[{"@type":"ListItem","position":1,"name":"Home","item":"https:\/\/stalszczytno.pl\/"},{"@type":"ListItem","position":2,"name":"Kontakt"}]},{"@type":"WebSite","@id":"https:\/\/stalszczytno.pl\/#website","url":"https:\/\/stalszczytno.pl\/","name":"P.H.U Hurtownia Stali Justyna Kobus","description":"P.H.U Hurtownia Stali Justyna Kobus","publisher":{"@id":"https:\/\/stalszczytno.pl\/#organization"},"alternateName":"Hurtownia Stali Szczytno","potentialAction":[{"@type":"SearchAction","target":{"@type":"EntryPoint","urlTemplate":"https:\/\/stalszczytno.pl\/?s={search_term_string}"},"query-input":"required name=search_term_string"}],"inLanguage":"pl-PL"},{"@type":"Organization","@id":"https:\/\/stalszczytno.pl\/#organization","name":"P.H.U Hurtownia Stali Justyna Kobus","alternateName":"P.H.U Hurtownia Stali Justyna Kobus","url":"https:\/\/stalszczytno.pl\/","logo":{"@type":"ImageObject","inLanguage":"pl-PL","@id":"https:\/\/stalszczytno.pl\/#\/schema\/logo\/image\/","url":"https:\/\/stalszczytno.pl\/wp-content\/uploads\/2023\/02\/stal_logo.webp","contentUrl":"https:\/\/stalszczytno.pl\/wp-content\/uploads\/2023\/02\/stal_logo.webp","width":730,"height":512,"caption":"P.H.U Hurtownia Stali Justyna Kobus"},"image":{"@id":"https:\/\/stalszczytno.pl\/#\/schema\/logo\/image\/"}}]}},"_links":{"self":[{"href":"https:\/\/stalszczytno.pl\/index.php\/wp-json\/wp\/v2\/pages\/85"}],"collection":[{"href":"https:\/\/stalszczytno.pl\/index.php\/wp-json\/wp\/v2\/pages"}],"about":[{"href":"https:\/\/stalszczytno.pl\/index.php\/wp-json\/wp\/v2\/types\/page"}],"author":[{"embeddable":true,"href":"https:\/\/stalszczytno.pl\/index.php\/wp-json\/wp\/v2\/users\/1"}],"replies":[{"embeddable":true,"href":"https:\/\/stalszczytno.pl\/index.php\/wp-json\/wp\/v2\/comments?post=85"}],"version-history":[{"count":25,"href":"https:\/\/stalszczytno.pl\/index.php\/wp-json\/wp\/v2\/pages\/85\/revisions"}],"predecessor-version":[{"id":368,"href":"https:\/\/stalszczytno.pl\/index.php\/wp-json\/wp\/v2\/pages\/85\/revisions\/368"}],"wp:attachment":[{"href":"https:\/\/stalszczytno.pl\/index.php\/wp-json\/wp\/v2\/media?parent=85"}],"curies":[{"name":"wp","href":"https:\/\/api.w.org\/{rel}","templated":true}]}}