{"id":148,"date":"2023-01-22T20:53:40","date_gmt":"2023-01-22T20:53:40","guid":{"rendered":"https:\/\/stalszczytno.pl\/?page_id=148"},"modified":"2023-02-26T13:39:18","modified_gmt":"2023-02-26T13:39:18","slug":"prety-i-walcowki-gladkie","status":"publish","type":"page","link":"https:\/\/stalszczytno.pl\/index.php\/prety-i-walcowki-gladkie\/","title":{"rendered":"Pr\u0119ty i walc\u00f3wki g\u0142adkie"},"content":{"rendered":"\n<p>S\u0105 to niezast\u0105pione elementy w wielu konstrukcjach budowlanych, znacznie zwi\u0119kszaj\u0105 trwa\u0142o\u015b\u0107 oraz sztywno\u015b\u0107 poszczeg\u00f3lnych cz\u0119\u015bci budowy.<\/p>\n\n\n\n<p>G\u0142adka walc\u00f3wka jest produkowana ze stali A-0 lub A-I, czyli z metalu o ni\u017cszej klasie. Ten typ pr\u0119t\u00f3w znajduje zastosowanie w tworzeniu r\u00f3\u017cnego rodzaju strzemion, gwo\u017adzi, drut\u00f3w czarnych i ocynkowanych, jak r\u00f3wnie\u017c do produkcji w\u0142\u00f3kien do zbroje\u0144 betonowych, \u0142a\u0144cuch\u00f3w lub mat budowlanych.<\/p>\n\n\n\n<p>Pr\u0119ty okr\u0105g\u0142e g\u0142adkie stosowane s\u0105 na zewn\u0105trz konstrukcji, gdzie tworz\u0105 elementy bram i balustrad. Wykorzystywane s\u0105 te\u017c do budowy most\u00f3w. Znajduj\u0105 zastosowanie nie tylko w budownictwie. Sprawdzaj\u0105 si\u0119 tak\u017ce w przemy\u015ble podczas produkcji maszyn, zapewniaj\u0105c im d\u0142ug\u0105 \u017cywotno\u015b\u0107.<\/p>\n\n\n\n<figure class=\"is-layout-flex wp-block-gallery-1 wp-block-gallery has-nested-images columns-default is-cropped\">\n<figure class=\"wp-block-image size-large\"><img decoding=\"async\" loading=\"lazy\" width=\"1024\" height=\"768\" data-id=\"282\"  src=\"https:\/\/stalszczytno.pl\/wp-content\/uploads\/2023\/02\/drut_stalowy_kobus.jpeg\" alt=\"\" class=\"wp-image-282\" srcset=\"https:\/\/stalszczytno.pl\/wp-content\/uploads\/2023\/02\/drut_stalowy_kobus.jpeg 1024w, https:\/\/stalszczytno.pl\/wp-content\/uploads\/2023\/02\/drut_stalowy_kobus-300x225.jpeg 300w, https:\/\/stalszczytno.pl\/wp-content\/uploads\/2023\/02\/drut_stalowy_kobus-768x576.jpeg 768w\" sizes=\"(max-width: 1024px) 100vw, 1024px\" \/><\/figure>\n\n\n\n<figure class=\"wp-block-image size-large\"><img decoding=\"async\" loading=\"lazy\" width=\"768\" height=\"1024\" data-id=\"283\"  src=\"https:\/\/stalszczytno.pl\/wp-content\/uploads\/2023\/02\/walcowki_kobus_2.jpeg\" alt=\"\" class=\"wp-image-283\" srcset=\"https:\/\/stalszczytno.pl\/wp-content\/uploads\/2023\/02\/walcowki_kobus_2.jpeg 768w, https:\/\/stalszczytno.pl\/wp-content\/uploads\/2023\/02\/walcowki_kobus_2-225x300.jpeg 225w\" sizes=\"(max-width: 768px) 100vw, 768px\" \/><\/figure>\n\n\n\n<figure class=\"wp-block-image size-large\"><img decoding=\"async\" loading=\"lazy\" width=\"768\" height=\"1024\" data-id=\"284\"  src=\"https:\/\/stalszczytno.pl\/wp-content\/uploads\/2023\/02\/walcowki_kobus_1.jpeg\" alt=\"\" class=\"wp-image-284\" srcset=\"https:\/\/stalszczytno.pl\/wp-content\/uploads\/2023\/02\/walcowki_kobus_1.jpeg 768w, https:\/\/stalszczytno.pl\/wp-content\/uploads\/2023\/02\/walcowki_kobus_1-225x300.jpeg 225w\" sizes=\"(max-width: 768px) 100vw, 768px\" \/><\/figure>\n<\/figure>\n","protected":false},"excerpt":{"rendered":"<p>S\u0105 to niezast\u0105pione elementy w wielu konstrukcjach budowlanych, znacznie zwi\u0119kszaj\u0105 trwa\u0142o\u015b\u0107 oraz sztywno\u015b\u0107 poszczeg\u00f3lnych cz\u0119\u015bci budowy. G\u0142adka walc\u00f3wka jest produkowana ze stali A-0 lub A-I, czyli z metalu o ni\u017cszej klasie. Ten typ pr\u0119t\u00f3w znajduje zastosowanie w tworzeniu r\u00f3\u017cnego rodzaju strzemion, gwo\u017adzi, drut\u00f3w czarnych i ocynkowanych, jak r\u00f3wnie\u017c do produkcji w\u0142\u00f3kien do zbroje\u0144 betonowych, \u0142a\u0144cuch\u00f3w [&hellip;]<\/p>\n","protected":false},"author":1,"featured_media":0,"parent":0,"menu_order":0,"comment_status":"closed","ping_status":"closed","template":"","meta":[],"yoast_head":"<!-- This site is optimized with the Yoast SEO plugin v20.1 - https:\/\/yoast.com\/wordpress\/plugins\/seo\/ -->\n<title>P.H.U Hurtownia stali Justyna Kobus - Szczytno<\/title>\n<meta name=\"description\" content=\"S\u0105 to niezast\u0105pione elementy w wielu konstrukcjach budowlanych, znacznie zwi\u0119kszaj\u0105 trwa\u0142o\u015b\u0107 oraz sztywno\u015b\u0107 poszczeg\u00f3lnych cz\u0119\u015bci budowy.\" \/>\n<meta name=\"robots\" content=\"index, follow, max-snippet:-1, max-image-preview:large, max-video-preview:-1\" \/>\n<link rel=\"canonical\" href=\"https:\/\/stalszczytno.pl\/index.php\/prety-i-walcowki-gladkie\/\" \/>\n<meta property=\"og:locale\" content=\"pl_PL\" \/>\n<meta property=\"og:type\" content=\"article\" \/>\n<meta property=\"og:title\" content=\"P.H.U Hurtownia stali Justyna Kobus - Szczytno\" \/>\n<meta property=\"og:description\" content=\"S\u0105 to niezast\u0105pione elementy w wielu konstrukcjach budowlanych, znacznie zwi\u0119kszaj\u0105 trwa\u0142o\u015b\u0107 oraz sztywno\u015b\u0107 poszczeg\u00f3lnych cz\u0119\u015bci budowy.\" \/>\n<meta property=\"og:url\" content=\"https:\/\/stalszczytno.pl\/index.php\/prety-i-walcowki-gladkie\/\" \/>\n<meta property=\"og:site_name\" content=\"P.H.U Hurtownia Stali Justyna Kobus\" \/>\n<meta property=\"article:modified_time\" content=\"2023-02-26T13:39:18+00:00\" \/>\n<meta property=\"og:image\" content=\"https:\/\/stalszczytno.pl\/wp-content\/uploads\/2023\/02\/drut_stalowy_kobus.jpeg\" \/>\n<meta name=\"twitter:card\" content=\"summary_large_image\" \/>\n<meta name=\"twitter:label1\" content=\"Szacowany czas czytania\" \/>\n\t<meta name=\"twitter:data1\" content=\"2 minuty\" \/>\n<script type=\"application\/ld+json\" class=\"yoast-schema-graph\">{\"@context\":\"https:\/\/schema.org\",\"@graph\":[{\"@type\":\"WebPage\",\"@id\":\"https:\/\/stalszczytno.pl\/index.php\/prety-i-walcowki-gladkie\/\",\"url\":\"https:\/\/stalszczytno.pl\/index.php\/prety-i-walcowki-gladkie\/\",\"name\":\"P.H.U Hurtownia stali Justyna Kobus - Szczytno\",\"isPartOf\":{\"@id\":\"https:\/\/stalszczytno.pl\/#website\"},\"datePublished\":\"2023-01-22T20:53:40+00:00\",\"dateModified\":\"2023-02-26T13:39:18+00:00\",\"description\":\"S\u0105 to niezast\u0105pione elementy w wielu konstrukcjach budowlanych, znacznie zwi\u0119kszaj\u0105 trwa\u0142o\u015b\u0107 oraz sztywno\u015b\u0107 poszczeg\u00f3lnych cz\u0119\u015bci budowy.\",\"breadcrumb\":{\"@id\":\"https:\/\/stalszczytno.pl\/index.php\/prety-i-walcowki-gladkie\/#breadcrumb\"},\"inLanguage\":\"pl-PL\",\"potentialAction\":[{\"@type\":\"ReadAction\",\"target\":[\"https:\/\/stalszczytno.pl\/index.php\/prety-i-walcowki-gladkie\/\"]}]},{\"@type\":\"BreadcrumbList\",\"@id\":\"https:\/\/stalszczytno.pl\/index.php\/prety-i-walcowki-gladkie\/#breadcrumb\",\"itemListElement\":[{\"@type\":\"ListItem\",\"position\":1,\"name\":\"Home\",\"item\":\"https:\/\/stalszczytno.pl\/\"},{\"@type\":\"ListItem\",\"position\":2,\"name\":\"Pr\u0119ty i walc\u00f3wki g\u0142adkie\"}]},{\"@type\":\"WebSite\",\"@id\":\"https:\/\/stalszczytno.pl\/#website\",\"url\":\"https:\/\/stalszczytno.pl\/\",\"name\":\"P.H.U Hurtownia Stali Justyna Kobus\",\"description\":\"P.H.U Hurtownia Stali Justyna Kobus\",\"publisher\":{\"@id\":\"https:\/\/stalszczytno.pl\/#organization\"},\"alternateName\":\"Hurtownia Stali Szczytno\",\"potentialAction\":[{\"@type\":\"SearchAction\",\"target\":{\"@type\":\"EntryPoint\",\"urlTemplate\":\"https:\/\/stalszczytno.pl\/?s={search_term_string}\"},\"query-input\":\"required name=search_term_string\"}],\"inLanguage\":\"pl-PL\"},{\"@type\":\"Organization\",\"@id\":\"https:\/\/stalszczytno.pl\/#organization\",\"name\":\"P.H.U Hurtownia Stali Justyna Kobus\",\"alternateName\":\"P.H.U Hurtownia Stali Justyna Kobus\",\"url\":\"https:\/\/stalszczytno.pl\/\",\"logo\":{\"@type\":\"ImageObject\",\"inLanguage\":\"pl-PL\",\"@id\":\"https:\/\/stalszczytno.pl\/#\/schema\/logo\/image\/\",\"url\":\"https:\/\/stalszczytno.pl\/wp-content\/uploads\/2023\/02\/stal_logo.webp\",\"contentUrl\":\"https:\/\/stalszczytno.pl\/wp-content\/uploads\/2023\/02\/stal_logo.webp\",\"width\":730,\"height\":512,\"caption\":\"P.H.U Hurtownia Stali Justyna Kobus\"},\"image\":{\"@id\":\"https:\/\/stalszczytno.pl\/#\/schema\/logo\/image\/\"}}]}<\/script>\n<!-- \/ Yoast SEO plugin. -->","yoast_head_json":{"title":"P.H.U Hurtownia stali Justyna Kobus - Szczytno","description":"S\u0105 to niezast\u0105pione elementy w wielu konstrukcjach budowlanych, znacznie zwi\u0119kszaj\u0105 trwa\u0142o\u015b\u0107 oraz sztywno\u015b\u0107 poszczeg\u00f3lnych cz\u0119\u015bci budowy.","robots":{"index":"index","follow":"follow","max-snippet":"max-snippet:-1","max-image-preview":"max-image-preview:large","max-video-preview":"max-video-preview:-1"},"canonical":"https:\/\/stalszczytno.pl\/index.php\/prety-i-walcowki-gladkie\/","og_locale":"pl_PL","og_type":"article","og_title":"P.H.U Hurtownia stali Justyna Kobus - Szczytno","og_description":"S\u0105 to niezast\u0105pione elementy w wielu konstrukcjach budowlanych, znacznie zwi\u0119kszaj\u0105 trwa\u0142o\u015b\u0107 oraz sztywno\u015b\u0107 poszczeg\u00f3lnych cz\u0119\u015bci budowy.","og_url":"https:\/\/stalszczytno.pl\/index.php\/prety-i-walcowki-gladkie\/","og_site_name":"P.H.U Hurtownia Stali Justyna Kobus","article_modified_time":"2023-02-26T13:39:18+00:00","og_image":[{"url":"https:\/\/stalszczytno.pl\/wp-content\/uploads\/2023\/02\/drut_stalowy_kobus.jpeg"}],"twitter_card":"summary_large_image","twitter_misc":{"Szacowany czas czytania":"2 minuty"},"schema":{"@context":"https:\/\/schema.org","@graph":[{"@type":"WebPage","@id":"https:\/\/stalszczytno.pl\/index.php\/prety-i-walcowki-gladkie\/","url":"https:\/\/stalszczytno.pl\/index.php\/prety-i-walcowki-gladkie\/","name":"P.H.U Hurtownia stali Justyna Kobus - Szczytno","isPartOf":{"@id":"https:\/\/stalszczytno.pl\/#website"},"datePublished":"2023-01-22T20:53:40+00:00","dateModified":"2023-02-26T13:39:18+00:00","description":"S\u0105 to niezast\u0105pione elementy w wielu konstrukcjach budowlanych, znacznie zwi\u0119kszaj\u0105 trwa\u0142o\u015b\u0107 oraz sztywno\u015b\u0107 poszczeg\u00f3lnych cz\u0119\u015bci budowy.","breadcrumb":{"@id":"https:\/\/stalszczytno.pl\/index.php\/prety-i-walcowki-gladkie\/#breadcrumb"},"inLanguage":"pl-PL","potentialAction":[{"@type":"ReadAction","target":["https:\/\/stalszczytno.pl\/index.php\/prety-i-walcowki-gladkie\/"]}]},{"@type":"BreadcrumbList","@id":"https:\/\/stalszczytno.pl\/index.php\/prety-i-walcowki-gladkie\/#breadcrumb","itemListElement":[{"@type":"ListItem","position":1,"name":"Home","item":"https:\/\/stalszczytno.pl\/"},{"@type":"ListItem","position":2,"name":"Pr\u0119ty i walc\u00f3wki g\u0142adkie"}]},{"@type":"WebSite","@id":"https:\/\/stalszczytno.pl\/#website","url":"https:\/\/stalszczytno.pl\/","name":"P.H.U Hurtownia Stali Justyna Kobus","description":"P.H.U Hurtownia Stali Justyna Kobus","publisher":{"@id":"https:\/\/stalszczytno.pl\/#organization"},"alternateName":"Hurtownia Stali Szczytno","potentialAction":[{"@type":"SearchAction","target":{"@type":"EntryPoint","urlTemplate":"https:\/\/stalszczytno.pl\/?s={search_term_string}"},"query-input":"required name=search_term_string"}],"inLanguage":"pl-PL"},{"@type":"Organization","@id":"https:\/\/stalszczytno.pl\/#organization","name":"P.H.U Hurtownia Stali Justyna Kobus","alternateName":"P.H.U Hurtownia Stali Justyna Kobus","url":"https:\/\/stalszczytno.pl\/","logo":{"@type":"ImageObject","inLanguage":"pl-PL","@id":"https:\/\/stalszczytno.pl\/#\/schema\/logo\/image\/","url":"https:\/\/stalszczytno.pl\/wp-content\/uploads\/2023\/02\/stal_logo.webp","contentUrl":"https:\/\/stalszczytno.pl\/wp-content\/uploads\/2023\/02\/stal_logo.webp","width":730,"height":512,"caption":"P.H.U Hurtownia Stali Justyna Kobus"},"image":{"@id":"https:\/\/stalszczytno.pl\/#\/schema\/logo\/image\/"}}]}},"_links":{"self":[{"href":"https:\/\/stalszczytno.pl\/index.php\/wp-json\/wp\/v2\/pages\/148"}],"collection":[{"href":"https:\/\/stalszczytno.pl\/index.php\/wp-json\/wp\/v2\/pages"}],"about":[{"href":"https:\/\/stalszczytno.pl\/index.php\/wp-json\/wp\/v2\/types\/page"}],"author":[{"embeddable":true,"href":"https:\/\/stalszczytno.pl\/index.php\/wp-json\/wp\/v2\/users\/1"}],"replies":[{"embeddable":true,"href":"https:\/\/stalszczytno.pl\/index.php\/wp-json\/wp\/v2\/comments?post=148"}],"version-history":[{"count":2,"href":"https:\/\/stalszczytno.pl\/index.php\/wp-json\/wp\/v2\/pages\/148\/revisions"}],"predecessor-version":[{"id":285,"href":"https:\/\/stalszczytno.pl\/index.php\/wp-json\/wp\/v2\/pages\/148\/revisions\/285"}],"wp:attachment":[{"href":"https:\/\/stalszczytno.pl\/index.php\/wp-json\/wp\/v2\/media?parent=148"}],"curies":[{"name":"wp","href":"https:\/\/api.w.org\/{rel}","templated":true}]}}