{"id":135,"date":"2023-01-22T20:47:02","date_gmt":"2023-01-22T20:47:02","guid":{"rendered":"https:\/\/stalszczytno.pl\/?page_id=135"},"modified":"2023-02-26T13:23:27","modified_gmt":"2023-02-26T13:23:27","slug":"rury-stalowe","status":"publish","type":"page","link":"https:\/\/stalszczytno.pl\/index.php\/rury-stalowe\/","title":{"rendered":"Rury stalowe"},"content":{"rendered":"\n<p>Rury stalowe cechuje ogromna wytrzyma\u0142o\u015b\u0107 na rozci\u0105ganie, a tak\u017ce na procesy takie jak zginanie czy \u015bciskanie, dzi\u0119ki czemu przy ich u\u017cyciu mo\u017cna uk\u0142ada\u0107 bardzo d\u0142ugie odcinki przewod\u00f3w, bez u\u017cywania dodatkowych uchwyt\u00f3w. S\u0105 to rury odporne na obci\u0105\u017cenia mechaniczne. Ich zalet\u0105 jest r\u00f3wnie\u017c to, \u017ce tlen nie mo\u017ce si\u0119 przedostawa\u0107 przez ich \u015bcianki do wn\u0119trza instalacji.<\/p>\n\n\n\n<figure class=\"wp-block-image size-full\"><img decoding=\"async\" loading=\"lazy\" width=\"768\" height=\"1024\" src=\"https:\/\/stalszczytno.pl\/wp-content\/uploads\/2023\/02\/rury_stalowe_kobus.jpeg\" alt=\"rury stalowe\" class=\"wp-image-271\" srcset=\"https:\/\/stalszczytno.pl\/wp-content\/uploads\/2023\/02\/rury_stalowe_kobus.jpeg 768w, https:\/\/stalszczytno.pl\/wp-content\/uploads\/2023\/02\/rury_stalowe_kobus-225x300.jpeg 225w\" sizes=\"(max-width: 768px) 100vw, 768px\" \/><\/figure>\n","protected":false},"excerpt":{"rendered":"<p>Rury stalowe cechuje ogromna wytrzyma\u0142o\u015b\u0107 na rozci\u0105ganie, a tak\u017ce na procesy takie jak zginanie czy \u015bciskanie, dzi\u0119ki czemu przy ich u\u017cyciu mo\u017cna uk\u0142ada\u0107 bardzo d\u0142ugie odcinki przewod\u00f3w, bez u\u017cywania dodatkowych uchwyt\u00f3w. S\u0105 to rury odporne na obci\u0105\u017cenia mechaniczne. Ich zalet\u0105 jest r\u00f3wnie\u017c to, \u017ce tlen nie mo\u017ce si\u0119 przedostawa\u0107 przez ich \u015bcianki do wn\u0119trza instalacji.<\/p>\n","protected":false},"author":1,"featured_media":0,"parent":0,"menu_order":0,"comment_status":"closed","ping_status":"closed","template":"","meta":[],"yoast_head":"<!-- This site is optimized with the Yoast SEO plugin v20.1 - https:\/\/yoast.com\/wordpress\/plugins\/seo\/ -->\n<title>P.H.U Hurtownia stali Justyna Kobus - Szczytno<\/title>\n<meta name=\"description\" content=\"Rury stalowe cechuje ogromna wytrzyma\u0142o\u015b\u0107 na rozci\u0105ganie, a tak\u017ce na procesy takie jak zginanie czy \u015bciskanie, dzi\u0119ki czemu przy ich u\u017cyciu mo\u017cna uk\u0142ada\u0107 bardzo d\u0142ugie odcinki przewod\u00f3w, bez u\u017cywania dodatkowych uchwyt\u00f3w.\" \/>\n<meta name=\"robots\" content=\"index, follow, max-snippet:-1, max-image-preview:large, max-video-preview:-1\" \/>\n<link rel=\"canonical\" href=\"https:\/\/stalszczytno.pl\/index.php\/rury-stalowe\/\" \/>\n<meta property=\"og:locale\" content=\"pl_PL\" \/>\n<meta property=\"og:type\" content=\"article\" \/>\n<meta property=\"og:title\" content=\"P.H.U Hurtownia stali Justyna Kobus - Szczytno\" \/>\n<meta property=\"og:description\" content=\"Rury stalowe cechuje ogromna wytrzyma\u0142o\u015b\u0107 na rozci\u0105ganie, a tak\u017ce na procesy takie jak zginanie czy \u015bciskanie, dzi\u0119ki czemu przy ich u\u017cyciu mo\u017cna uk\u0142ada\u0107 bardzo d\u0142ugie odcinki przewod\u00f3w, bez u\u017cywania dodatkowych uchwyt\u00f3w.\" \/>\n<meta property=\"og:url\" content=\"https:\/\/stalszczytno.pl\/index.php\/rury-stalowe\/\" \/>\n<meta property=\"og:site_name\" content=\"P.H.U Hurtownia Stali Justyna Kobus\" \/>\n<meta property=\"article:modified_time\" content=\"2023-02-26T13:23:27+00:00\" \/>\n<meta property=\"og:image\" content=\"https:\/\/stalszczytno.pl\/wp-content\/uploads\/2023\/02\/rury_stalowe_kobus.jpeg\" \/>\n<meta name=\"twitter:card\" content=\"summary_large_image\" \/>\n<meta name=\"twitter:label1\" content=\"Szacowany czas czytania\" \/>\n\t<meta name=\"twitter:data1\" content=\"1 minuta\" \/>\n<script type=\"application\/ld+json\" class=\"yoast-schema-graph\">{\"@context\":\"https:\/\/schema.org\",\"@graph\":[{\"@type\":\"WebPage\",\"@id\":\"https:\/\/stalszczytno.pl\/index.php\/rury-stalowe\/\",\"url\":\"https:\/\/stalszczytno.pl\/index.php\/rury-stalowe\/\",\"name\":\"P.H.U Hurtownia stali Justyna Kobus - Szczytno\",\"isPartOf\":{\"@id\":\"https:\/\/stalszczytno.pl\/#website\"},\"datePublished\":\"2023-01-22T20:47:02+00:00\",\"dateModified\":\"2023-02-26T13:23:27+00:00\",\"description\":\"Rury stalowe cechuje ogromna wytrzyma\u0142o\u015b\u0107 na rozci\u0105ganie, a tak\u017ce na procesy takie jak zginanie czy \u015bciskanie, dzi\u0119ki czemu przy ich u\u017cyciu mo\u017cna uk\u0142ada\u0107 bardzo d\u0142ugie odcinki przewod\u00f3w, bez u\u017cywania dodatkowych uchwyt\u00f3w.\",\"breadcrumb\":{\"@id\":\"https:\/\/stalszczytno.pl\/index.php\/rury-stalowe\/#breadcrumb\"},\"inLanguage\":\"pl-PL\",\"potentialAction\":[{\"@type\":\"ReadAction\",\"target\":[\"https:\/\/stalszczytno.pl\/index.php\/rury-stalowe\/\"]}]},{\"@type\":\"BreadcrumbList\",\"@id\":\"https:\/\/stalszczytno.pl\/index.php\/rury-stalowe\/#breadcrumb\",\"itemListElement\":[{\"@type\":\"ListItem\",\"position\":1,\"name\":\"Home\",\"item\":\"https:\/\/stalszczytno.pl\/\"},{\"@type\":\"ListItem\",\"position\":2,\"name\":\"Rury stalowe\"}]},{\"@type\":\"WebSite\",\"@id\":\"https:\/\/stalszczytno.pl\/#website\",\"url\":\"https:\/\/stalszczytno.pl\/\",\"name\":\"P.H.U Hurtownia Stali Justyna Kobus\",\"description\":\"P.H.U Hurtownia Stali Justyna Kobus\",\"publisher\":{\"@id\":\"https:\/\/stalszczytno.pl\/#organization\"},\"alternateName\":\"Hurtownia Stali Szczytno\",\"potentialAction\":[{\"@type\":\"SearchAction\",\"target\":{\"@type\":\"EntryPoint\",\"urlTemplate\":\"https:\/\/stalszczytno.pl\/?s={search_term_string}\"},\"query-input\":\"required name=search_term_string\"}],\"inLanguage\":\"pl-PL\"},{\"@type\":\"Organization\",\"@id\":\"https:\/\/stalszczytno.pl\/#organization\",\"name\":\"P.H.U Hurtownia Stali Justyna Kobus\",\"alternateName\":\"P.H.U Hurtownia Stali Justyna Kobus\",\"url\":\"https:\/\/stalszczytno.pl\/\",\"logo\":{\"@type\":\"ImageObject\",\"inLanguage\":\"pl-PL\",\"@id\":\"https:\/\/stalszczytno.pl\/#\/schema\/logo\/image\/\",\"url\":\"https:\/\/stalszczytno.pl\/wp-content\/uploads\/2023\/02\/stal_logo.webp\",\"contentUrl\":\"https:\/\/stalszczytno.pl\/wp-content\/uploads\/2023\/02\/stal_logo.webp\",\"width\":730,\"height\":512,\"caption\":\"P.H.U Hurtownia Stali Justyna Kobus\"},\"image\":{\"@id\":\"https:\/\/stalszczytno.pl\/#\/schema\/logo\/image\/\"}}]}<\/script>\n<!-- \/ Yoast SEO plugin. -->","yoast_head_json":{"title":"P.H.U Hurtownia stali Justyna Kobus - Szczytno","description":"Rury stalowe cechuje ogromna wytrzyma\u0142o\u015b\u0107 na rozci\u0105ganie, a tak\u017ce na procesy takie jak zginanie czy \u015bciskanie, dzi\u0119ki czemu przy ich u\u017cyciu mo\u017cna uk\u0142ada\u0107 bardzo d\u0142ugie odcinki przewod\u00f3w, bez u\u017cywania dodatkowych uchwyt\u00f3w.","robots":{"index":"index","follow":"follow","max-snippet":"max-snippet:-1","max-image-preview":"max-image-preview:large","max-video-preview":"max-video-preview:-1"},"canonical":"https:\/\/stalszczytno.pl\/index.php\/rury-stalowe\/","og_locale":"pl_PL","og_type":"article","og_title":"P.H.U Hurtownia stali Justyna Kobus - Szczytno","og_description":"Rury stalowe cechuje ogromna wytrzyma\u0142o\u015b\u0107 na rozci\u0105ganie, a tak\u017ce na procesy takie jak zginanie czy \u015bciskanie, dzi\u0119ki czemu przy ich u\u017cyciu mo\u017cna uk\u0142ada\u0107 bardzo d\u0142ugie odcinki przewod\u00f3w, bez u\u017cywania dodatkowych uchwyt\u00f3w.","og_url":"https:\/\/stalszczytno.pl\/index.php\/rury-stalowe\/","og_site_name":"P.H.U Hurtownia Stali Justyna Kobus","article_modified_time":"2023-02-26T13:23:27+00:00","og_image":[{"url":"https:\/\/stalszczytno.pl\/wp-content\/uploads\/2023\/02\/rury_stalowe_kobus.jpeg"}],"twitter_card":"summary_large_image","twitter_misc":{"Szacowany czas czytania":"1 minuta"},"schema":{"@context":"https:\/\/schema.org","@graph":[{"@type":"WebPage","@id":"https:\/\/stalszczytno.pl\/index.php\/rury-stalowe\/","url":"https:\/\/stalszczytno.pl\/index.php\/rury-stalowe\/","name":"P.H.U Hurtownia stali Justyna Kobus - Szczytno","isPartOf":{"@id":"https:\/\/stalszczytno.pl\/#website"},"datePublished":"2023-01-22T20:47:02+00:00","dateModified":"2023-02-26T13:23:27+00:00","description":"Rury stalowe cechuje ogromna wytrzyma\u0142o\u015b\u0107 na rozci\u0105ganie, a tak\u017ce na procesy takie jak zginanie czy \u015bciskanie, dzi\u0119ki czemu przy ich u\u017cyciu mo\u017cna uk\u0142ada\u0107 bardzo d\u0142ugie odcinki przewod\u00f3w, bez u\u017cywania dodatkowych uchwyt\u00f3w.","breadcrumb":{"@id":"https:\/\/stalszczytno.pl\/index.php\/rury-stalowe\/#breadcrumb"},"inLanguage":"pl-PL","potentialAction":[{"@type":"ReadAction","target":["https:\/\/stalszczytno.pl\/index.php\/rury-stalowe\/"]}]},{"@type":"BreadcrumbList","@id":"https:\/\/stalszczytno.pl\/index.php\/rury-stalowe\/#breadcrumb","itemListElement":[{"@type":"ListItem","position":1,"name":"Home","item":"https:\/\/stalszczytno.pl\/"},{"@type":"ListItem","position":2,"name":"Rury stalowe"}]},{"@type":"WebSite","@id":"https:\/\/stalszczytno.pl\/#website","url":"https:\/\/stalszczytno.pl\/","name":"P.H.U Hurtownia Stali Justyna Kobus","description":"P.H.U Hurtownia Stali Justyna Kobus","publisher":{"@id":"https:\/\/stalszczytno.pl\/#organization"},"alternateName":"Hurtownia Stali Szczytno","potentialAction":[{"@type":"SearchAction","target":{"@type":"EntryPoint","urlTemplate":"https:\/\/stalszczytno.pl\/?s={search_term_string}"},"query-input":"required name=search_term_string"}],"inLanguage":"pl-PL"},{"@type":"Organization","@id":"https:\/\/stalszczytno.pl\/#organization","name":"P.H.U Hurtownia Stali Justyna Kobus","alternateName":"P.H.U Hurtownia Stali Justyna Kobus","url":"https:\/\/stalszczytno.pl\/","logo":{"@type":"ImageObject","inLanguage":"pl-PL","@id":"https:\/\/stalszczytno.pl\/#\/schema\/logo\/image\/","url":"https:\/\/stalszczytno.pl\/wp-content\/uploads\/2023\/02\/stal_logo.webp","contentUrl":"https:\/\/stalszczytno.pl\/wp-content\/uploads\/2023\/02\/stal_logo.webp","width":730,"height":512,"caption":"P.H.U Hurtownia Stali Justyna Kobus"},"image":{"@id":"https:\/\/stalszczytno.pl\/#\/schema\/logo\/image\/"}}]}},"_links":{"self":[{"href":"https:\/\/stalszczytno.pl\/index.php\/wp-json\/wp\/v2\/pages\/135"}],"collection":[{"href":"https:\/\/stalszczytno.pl\/index.php\/wp-json\/wp\/v2\/pages"}],"about":[{"href":"https:\/\/stalszczytno.pl\/index.php\/wp-json\/wp\/v2\/types\/page"}],"author":[{"embeddable":true,"href":"https:\/\/stalszczytno.pl\/index.php\/wp-json\/wp\/v2\/users\/1"}],"replies":[{"embeddable":true,"href":"https:\/\/stalszczytno.pl\/index.php\/wp-json\/wp\/v2\/comments?post=135"}],"version-history":[{"count":3,"href":"https:\/\/stalszczytno.pl\/index.php\/wp-json\/wp\/v2\/pages\/135\/revisions"}],"predecessor-version":[{"id":272,"href":"https:\/\/stalszczytno.pl\/index.php\/wp-json\/wp\/v2\/pages\/135\/revisions\/272"}],"wp:attachment":[{"href":"https:\/\/stalszczytno.pl\/index.php\/wp-json\/wp\/v2\/media?parent=135"}],"curies":[{"name":"wp","href":"https:\/\/api.w.org\/{rel}","templated":true}]}}