{"id":131,"date":"2023-01-22T20:44:02","date_gmt":"2023-01-22T20:44:02","guid":{"rendered":"https:\/\/stalszczytno.pl\/?page_id=131"},"modified":"2023-02-26T13:12:08","modified_gmt":"2023-02-26T13:12:08","slug":"prety-zebrowane","status":"publish","type":"page","link":"https:\/\/stalszczytno.pl\/index.php\/prety-zebrowane\/","title":{"rendered":"Pr\u0119ty \u017cebrowane"},"content":{"rendered":"\n<p>Pr\u0119ty \u017bebrowane stanowi\u0105 istotn\u0105 cz\u0119\u015b\u0107 ka\u017cdej konstrukcji budowlanej, od kt\u00f3rej oczekuje si\u0119 okre\u015blonej wytrzyma\u0142o\u015bci na obci\u0105\u017cenia oraz na r\u00f3\u017cne czynniki \u015brodowiskowe. Dzi\u0119ki po\u0142\u0105czeniu w\u0142a\u015bciwo\u015bci odpowiednich odmian stali i betonu, otrzymuje si\u0119 struktur\u0119, kt\u00f3ra spe\u0142nia najwy\u017csze wymagania stawiane zar\u00f3wno budynkom mieszkalnym, jak i obiektom przemys\u0142owym, wiaduktom lub mostom.<\/p>\n\n\n\n<figure class=\"wp-block-image size-full\"><img decoding=\"async\" loading=\"lazy\" width=\"768\" height=\"1024\" src=\"https:\/\/stalszczytno.pl\/wp-content\/uploads\/2023\/02\/prety_zebrowane_kobus.jpeg\" alt=\"pr\u0119ty \u017cebrowane\" class=\"wp-image-262\" srcset=\"https:\/\/stalszczytno.pl\/wp-content\/uploads\/2023\/02\/prety_zebrowane_kobus.jpeg 768w, https:\/\/stalszczytno.pl\/wp-content\/uploads\/2023\/02\/prety_zebrowane_kobus-225x300.jpeg 225w\" sizes=\"(max-width: 768px) 100vw, 768px\" \/><\/figure>\n","protected":false},"excerpt":{"rendered":"<p>Pr\u0119ty \u017bebrowane stanowi\u0105 istotn\u0105 cz\u0119\u015b\u0107 ka\u017cdej konstrukcji budowlanej, od kt\u00f3rej oczekuje si\u0119 okre\u015blonej wytrzyma\u0142o\u015bci na obci\u0105\u017cenia oraz na r\u00f3\u017cne czynniki \u015brodowiskowe. Dzi\u0119ki po\u0142\u0105czeniu w\u0142a\u015bciwo\u015bci odpowiednich odmian stali i betonu, otrzymuje si\u0119 struktur\u0119, kt\u00f3ra spe\u0142nia najwy\u017csze wymagania stawiane zar\u00f3wno budynkom mieszkalnym, jak i obiektom przemys\u0142owym, wiaduktom lub mostom.<\/p>\n","protected":false},"author":1,"featured_media":0,"parent":0,"menu_order":0,"comment_status":"closed","ping_status":"closed","template":"","meta":[],"yoast_head":"<!-- This site is optimized with the Yoast SEO plugin v20.1 - https:\/\/yoast.com\/wordpress\/plugins\/seo\/ -->\n<title>P.H.U Hurtownia stali Justyna Kobus - Szczytno<\/title>\n<meta name=\"description\" content=\"Pr\u0119ty \u017bebrowane stanowi\u0105 istotn\u0105 cz\u0119\u015b\u0107 ka\u017cdej konstrukcji budowlanej, od kt\u00f3rej oczekuje si\u0119 okre\u015blonej wytrzyma\u0142o\u015bci na obci\u0105\u017cenia oraz na r\u00f3\u017cne czynniki \u015brodowiskowe.\" \/>\n<meta name=\"robots\" content=\"index, follow, max-snippet:-1, max-image-preview:large, max-video-preview:-1\" \/>\n<link rel=\"canonical\" href=\"https:\/\/stalszczytno.pl\/index.php\/prety-zebrowane\/\" \/>\n<meta property=\"og:locale\" content=\"pl_PL\" \/>\n<meta property=\"og:type\" content=\"article\" \/>\n<meta property=\"og:title\" content=\"P.H.U Hurtownia stali Justyna Kobus - Szczytno\" \/>\n<meta property=\"og:description\" content=\"Pr\u0119ty \u017bebrowane stanowi\u0105 istotn\u0105 cz\u0119\u015b\u0107 ka\u017cdej konstrukcji budowlanej, od kt\u00f3rej oczekuje si\u0119 okre\u015blonej wytrzyma\u0142o\u015bci na obci\u0105\u017cenia oraz na r\u00f3\u017cne czynniki \u015brodowiskowe.\" \/>\n<meta property=\"og:url\" content=\"https:\/\/stalszczytno.pl\/index.php\/prety-zebrowane\/\" \/>\n<meta property=\"og:site_name\" content=\"P.H.U Hurtownia Stali Justyna Kobus\" \/>\n<meta property=\"article:modified_time\" content=\"2023-02-26T13:12:08+00:00\" \/>\n<meta property=\"og:image\" content=\"https:\/\/stalszczytno.pl\/wp-content\/uploads\/2023\/02\/prety_zebrowane_kobus.jpeg\" \/>\n<meta name=\"twitter:card\" content=\"summary_large_image\" \/>\n<meta name=\"twitter:label1\" content=\"Szacowany czas czytania\" \/>\n\t<meta name=\"twitter:data1\" content=\"1 minuta\" \/>\n<script type=\"application\/ld+json\" class=\"yoast-schema-graph\">{\"@context\":\"https:\/\/schema.org\",\"@graph\":[{\"@type\":\"Article\",\"@id\":\"https:\/\/stalszczytno.pl\/index.php\/prety-zebrowane\/#article\",\"isPartOf\":{\"@id\":\"https:\/\/stalszczytno.pl\/index.php\/prety-zebrowane\/\"},\"author\":{\"name\":\"kobus-mateusz\",\"@id\":\"https:\/\/stalszczytno.pl\/#\/schema\/person\/e8d2371b1ccf0e8327c5560e7431e8f9\"},\"headline\":\"Pr\u0119ty \u017cebrowane\",\"datePublished\":\"2023-01-22T20:44:02+00:00\",\"dateModified\":\"2023-02-26T13:12:08+00:00\",\"mainEntityOfPage\":{\"@id\":\"https:\/\/stalszczytno.pl\/index.php\/prety-zebrowane\/\"},\"wordCount\":68,\"publisher\":{\"@id\":\"https:\/\/stalszczytno.pl\/#organization\"},\"inLanguage\":\"pl-PL\"},{\"@type\":\"WebPage\",\"@id\":\"https:\/\/stalszczytno.pl\/index.php\/prety-zebrowane\/\",\"url\":\"https:\/\/stalszczytno.pl\/index.php\/prety-zebrowane\/\",\"name\":\"P.H.U Hurtownia stali Justyna Kobus - Szczytno\",\"isPartOf\":{\"@id\":\"https:\/\/stalszczytno.pl\/#website\"},\"datePublished\":\"2023-01-22T20:44:02+00:00\",\"dateModified\":\"2023-02-26T13:12:08+00:00\",\"description\":\"Pr\u0119ty \u017bebrowane stanowi\u0105 istotn\u0105 cz\u0119\u015b\u0107 ka\u017cdej konstrukcji budowlanej, od kt\u00f3rej oczekuje si\u0119 okre\u015blonej wytrzyma\u0142o\u015bci na obci\u0105\u017cenia oraz na r\u00f3\u017cne czynniki \u015brodowiskowe.\",\"breadcrumb\":{\"@id\":\"https:\/\/stalszczytno.pl\/index.php\/prety-zebrowane\/#breadcrumb\"},\"inLanguage\":\"pl-PL\",\"potentialAction\":[{\"@type\":\"ReadAction\",\"target\":[\"https:\/\/stalszczytno.pl\/index.php\/prety-zebrowane\/\"]}]},{\"@type\":\"BreadcrumbList\",\"@id\":\"https:\/\/stalszczytno.pl\/index.php\/prety-zebrowane\/#breadcrumb\",\"itemListElement\":[{\"@type\":\"ListItem\",\"position\":1,\"name\":\"Home\",\"item\":\"https:\/\/stalszczytno.pl\/\"},{\"@type\":\"ListItem\",\"position\":2,\"name\":\"Pr\u0119ty \u017cebrowane\"}]},{\"@type\":\"WebSite\",\"@id\":\"https:\/\/stalszczytno.pl\/#website\",\"url\":\"https:\/\/stalszczytno.pl\/\",\"name\":\"P.H.U Hurtownia Stali Justyna Kobus\",\"description\":\"P.H.U Hurtownia Stali Justyna Kobus\",\"publisher\":{\"@id\":\"https:\/\/stalszczytno.pl\/#organization\"},\"alternateName\":\"Hurtownia Stali Szczytno\",\"potentialAction\":[{\"@type\":\"SearchAction\",\"target\":{\"@type\":\"EntryPoint\",\"urlTemplate\":\"https:\/\/stalszczytno.pl\/?s={search_term_string}\"},\"query-input\":\"required name=search_term_string\"}],\"inLanguage\":\"pl-PL\"},{\"@type\":\"Organization\",\"@id\":\"https:\/\/stalszczytno.pl\/#organization\",\"name\":\"P.H.U Hurtownia Stali Justyna Kobus\",\"alternateName\":\"P.H.U Hurtownia Stali Justyna Kobus\",\"url\":\"https:\/\/stalszczytno.pl\/\",\"logo\":{\"@type\":\"ImageObject\",\"inLanguage\":\"pl-PL\",\"@id\":\"https:\/\/stalszczytno.pl\/#\/schema\/logo\/image\/\",\"url\":\"https:\/\/stalszczytno.pl\/wp-content\/uploads\/2023\/02\/stal_logo.webp\",\"contentUrl\":\"https:\/\/stalszczytno.pl\/wp-content\/uploads\/2023\/02\/stal_logo.webp\",\"width\":730,\"height\":512,\"caption\":\"P.H.U Hurtownia Stali Justyna Kobus\"},\"image\":{\"@id\":\"https:\/\/stalszczytno.pl\/#\/schema\/logo\/image\/\"}},{\"@type\":\"Person\",\"@id\":\"https:\/\/stalszczytno.pl\/#\/schema\/person\/e8d2371b1ccf0e8327c5560e7431e8f9\",\"name\":\"kobus-mateusz\",\"image\":{\"@type\":\"ImageObject\",\"inLanguage\":\"pl-PL\",\"@id\":\"https:\/\/stalszczytno.pl\/#\/schema\/person\/image\/\",\"url\":\"https:\/\/secure.gravatar.com\/avatar\/515b38384a0d2a3f8f0aaee394e68d4f?s=96&d=mm&r=g\",\"contentUrl\":\"https:\/\/secure.gravatar.com\/avatar\/515b38384a0d2a3f8f0aaee394e68d4f?s=96&d=mm&r=g\",\"caption\":\"kobus-mateusz\"},\"sameAs\":[\"https:\/\/stalszczytno.pl\"],\"url\":\"https:\/\/stalszczytno.pl\/index.php\/author\/kobus-mateusz\/\"}]}<\/script>\n<!-- \/ Yoast SEO plugin. -->","yoast_head_json":{"title":"P.H.U Hurtownia stali Justyna Kobus - Szczytno","description":"Pr\u0119ty \u017bebrowane stanowi\u0105 istotn\u0105 cz\u0119\u015b\u0107 ka\u017cdej konstrukcji budowlanej, od kt\u00f3rej oczekuje si\u0119 okre\u015blonej wytrzyma\u0142o\u015bci na obci\u0105\u017cenia oraz na r\u00f3\u017cne czynniki \u015brodowiskowe.","robots":{"index":"index","follow":"follow","max-snippet":"max-snippet:-1","max-image-preview":"max-image-preview:large","max-video-preview":"max-video-preview:-1"},"canonical":"https:\/\/stalszczytno.pl\/index.php\/prety-zebrowane\/","og_locale":"pl_PL","og_type":"article","og_title":"P.H.U Hurtownia stali Justyna Kobus - Szczytno","og_description":"Pr\u0119ty \u017bebrowane stanowi\u0105 istotn\u0105 cz\u0119\u015b\u0107 ka\u017cdej konstrukcji budowlanej, od kt\u00f3rej oczekuje si\u0119 okre\u015blonej wytrzyma\u0142o\u015bci na obci\u0105\u017cenia oraz na r\u00f3\u017cne czynniki \u015brodowiskowe.","og_url":"https:\/\/stalszczytno.pl\/index.php\/prety-zebrowane\/","og_site_name":"P.H.U Hurtownia Stali Justyna Kobus","article_modified_time":"2023-02-26T13:12:08+00:00","og_image":[{"url":"https:\/\/stalszczytno.pl\/wp-content\/uploads\/2023\/02\/prety_zebrowane_kobus.jpeg"}],"twitter_card":"summary_large_image","twitter_misc":{"Szacowany czas czytania":"1 minuta"},"schema":{"@context":"https:\/\/schema.org","@graph":[{"@type":"Article","@id":"https:\/\/stalszczytno.pl\/index.php\/prety-zebrowane\/#article","isPartOf":{"@id":"https:\/\/stalszczytno.pl\/index.php\/prety-zebrowane\/"},"author":{"name":"kobus-mateusz","@id":"https:\/\/stalszczytno.pl\/#\/schema\/person\/e8d2371b1ccf0e8327c5560e7431e8f9"},"headline":"Pr\u0119ty \u017cebrowane","datePublished":"2023-01-22T20:44:02+00:00","dateModified":"2023-02-26T13:12:08+00:00","mainEntityOfPage":{"@id":"https:\/\/stalszczytno.pl\/index.php\/prety-zebrowane\/"},"wordCount":68,"publisher":{"@id":"https:\/\/stalszczytno.pl\/#organization"},"inLanguage":"pl-PL"},{"@type":"WebPage","@id":"https:\/\/stalszczytno.pl\/index.php\/prety-zebrowane\/","url":"https:\/\/stalszczytno.pl\/index.php\/prety-zebrowane\/","name":"P.H.U Hurtownia stali Justyna Kobus - Szczytno","isPartOf":{"@id":"https:\/\/stalszczytno.pl\/#website"},"datePublished":"2023-01-22T20:44:02+00:00","dateModified":"2023-02-26T13:12:08+00:00","description":"Pr\u0119ty \u017bebrowane stanowi\u0105 istotn\u0105 cz\u0119\u015b\u0107 ka\u017cdej konstrukcji budowlanej, od kt\u00f3rej oczekuje si\u0119 okre\u015blonej wytrzyma\u0142o\u015bci na obci\u0105\u017cenia oraz na r\u00f3\u017cne czynniki \u015brodowiskowe.","breadcrumb":{"@id":"https:\/\/stalszczytno.pl\/index.php\/prety-zebrowane\/#breadcrumb"},"inLanguage":"pl-PL","potentialAction":[{"@type":"ReadAction","target":["https:\/\/stalszczytno.pl\/index.php\/prety-zebrowane\/"]}]},{"@type":"BreadcrumbList","@id":"https:\/\/stalszczytno.pl\/index.php\/prety-zebrowane\/#breadcrumb","itemListElement":[{"@type":"ListItem","position":1,"name":"Home","item":"https:\/\/stalszczytno.pl\/"},{"@type":"ListItem","position":2,"name":"Pr\u0119ty \u017cebrowane"}]},{"@type":"WebSite","@id":"https:\/\/stalszczytno.pl\/#website","url":"https:\/\/stalszczytno.pl\/","name":"P.H.U Hurtownia Stali Justyna Kobus","description":"P.H.U Hurtownia Stali Justyna Kobus","publisher":{"@id":"https:\/\/stalszczytno.pl\/#organization"},"alternateName":"Hurtownia Stali Szczytno","potentialAction":[{"@type":"SearchAction","target":{"@type":"EntryPoint","urlTemplate":"https:\/\/stalszczytno.pl\/?s={search_term_string}"},"query-input":"required name=search_term_string"}],"inLanguage":"pl-PL"},{"@type":"Organization","@id":"https:\/\/stalszczytno.pl\/#organization","name":"P.H.U Hurtownia Stali Justyna Kobus","alternateName":"P.H.U Hurtownia Stali Justyna Kobus","url":"https:\/\/stalszczytno.pl\/","logo":{"@type":"ImageObject","inLanguage":"pl-PL","@id":"https:\/\/stalszczytno.pl\/#\/schema\/logo\/image\/","url":"https:\/\/stalszczytno.pl\/wp-content\/uploads\/2023\/02\/stal_logo.webp","contentUrl":"https:\/\/stalszczytno.pl\/wp-content\/uploads\/2023\/02\/stal_logo.webp","width":730,"height":512,"caption":"P.H.U Hurtownia Stali Justyna Kobus"},"image":{"@id":"https:\/\/stalszczytno.pl\/#\/schema\/logo\/image\/"}},{"@type":"Person","@id":"https:\/\/stalszczytno.pl\/#\/schema\/person\/e8d2371b1ccf0e8327c5560e7431e8f9","name":"kobus-mateusz","image":{"@type":"ImageObject","inLanguage":"pl-PL","@id":"https:\/\/stalszczytno.pl\/#\/schema\/person\/image\/","url":"https:\/\/secure.gravatar.com\/avatar\/515b38384a0d2a3f8f0aaee394e68d4f?s=96&d=mm&r=g","contentUrl":"https:\/\/secure.gravatar.com\/avatar\/515b38384a0d2a3f8f0aaee394e68d4f?s=96&d=mm&r=g","caption":"kobus-mateusz"},"sameAs":["https:\/\/stalszczytno.pl"],"url":"https:\/\/stalszczytno.pl\/index.php\/author\/kobus-mateusz\/"}]}},"_links":{"self":[{"href":"https:\/\/stalszczytno.pl\/index.php\/wp-json\/wp\/v2\/pages\/131"}],"collection":[{"href":"https:\/\/stalszczytno.pl\/index.php\/wp-json\/wp\/v2\/pages"}],"about":[{"href":"https:\/\/stalszczytno.pl\/index.php\/wp-json\/wp\/v2\/types\/page"}],"author":[{"embeddable":true,"href":"https:\/\/stalszczytno.pl\/index.php\/wp-json\/wp\/v2\/users\/1"}],"replies":[{"embeddable":true,"href":"https:\/\/stalszczytno.pl\/index.php\/wp-json\/wp\/v2\/comments?post=131"}],"version-history":[{"count":2,"href":"https:\/\/stalszczytno.pl\/index.php\/wp-json\/wp\/v2\/pages\/131\/revisions"}],"predecessor-version":[{"id":263,"href":"https:\/\/stalszczytno.pl\/index.php\/wp-json\/wp\/v2\/pages\/131\/revisions\/263"}],"wp:attachment":[{"href":"https:\/\/stalszczytno.pl\/index.php\/wp-json\/wp\/v2\/media?parent=131"}],"curies":[{"name":"wp","href":"https:\/\/api.w.org\/{rel}","templated":true}]}}