{"id":127,"date":"2023-01-22T20:42:36","date_gmt":"2023-01-22T20:42:36","guid":{"rendered":"https:\/\/stalszczytno.pl\/?page_id=127"},"modified":"2023-02-26T13:16:03","modified_gmt":"2023-02-26T13:16:03","slug":"profile-stalowe","status":"publish","type":"page","link":"https:\/\/stalszczytno.pl\/index.php\/profile-stalowe\/","title":{"rendered":"Profile stalowe"},"content":{"rendered":"\n<p>S\u0105 one elementem konstrukcyjnym z bardzo szerokim zastosowaniem w budownictwie. Sprawdz\u0105 si\u0119 znakomicie przy wznoszeniu r\u00f3\u017cnego rodzaju obiekt\u00f3w m.in. handlowych, sportowych, czy produkcyjnych. Dzi\u0119ki mo\u017cliwo\u015bci wyboru wymiaru mo\u017cesz mie\u0107 pewno\u015b\u0107, \u017ce otrzymasz od nas idealnie dopasowane profile stalowe.<\/p>\n\n\n\n<figure class=\"is-layout-flex wp-block-gallery-1 wp-block-gallery has-nested-images columns-default is-cropped\">\n<figure class=\"wp-block-image size-large\"><img decoding=\"async\" loading=\"lazy\" width=\"768\" height=\"1024\" data-id=\"265\"  src=\"https:\/\/stalszczytno.pl\/wp-content\/uploads\/2023\/02\/profile_stalowe_kobus_2.jpeg\" alt=\"\" class=\"wp-image-265\" srcset=\"https:\/\/stalszczytno.pl\/wp-content\/uploads\/2023\/02\/profile_stalowe_kobus_2.jpeg 768w, https:\/\/stalszczytno.pl\/wp-content\/uploads\/2023\/02\/profile_stalowe_kobus_2-225x300.jpeg 225w\" sizes=\"(max-width: 768px) 100vw, 768px\" \/><\/figure>\n\n\n\n<figure class=\"wp-block-image size-large\"><img decoding=\"async\" loading=\"lazy\" width=\"768\" height=\"1024\" data-id=\"266\"  src=\"https:\/\/stalszczytno.pl\/wp-content\/uploads\/2023\/02\/profile_stalowe_kobus_1.jpeg\" alt=\"\" class=\"wp-image-266\" srcset=\"https:\/\/stalszczytno.pl\/wp-content\/uploads\/2023\/02\/profile_stalowe_kobus_1.jpeg 768w, https:\/\/stalszczytno.pl\/wp-content\/uploads\/2023\/02\/profile_stalowe_kobus_1-225x300.jpeg 225w\" sizes=\"(max-width: 768px) 100vw, 768px\" \/><\/figure>\n<\/figure>\n","protected":false},"excerpt":{"rendered":"<p>S\u0105 one elementem konstrukcyjnym z bardzo szerokim zastosowaniem w budownictwie. Sprawdz\u0105 si\u0119 znakomicie przy wznoszeniu r\u00f3\u017cnego rodzaju obiekt\u00f3w m.in. handlowych, sportowych, czy produkcyjnych. Dzi\u0119ki mo\u017cliwo\u015bci wyboru wymiaru mo\u017cesz mie\u0107 pewno\u015b\u0107, \u017ce otrzymasz od nas idealnie dopasowane profile stalowe.<\/p>\n","protected":false},"author":1,"featured_media":0,"parent":0,"menu_order":0,"comment_status":"closed","ping_status":"closed","template":"","meta":[],"yoast_head":"<!-- This site is optimized with the Yoast SEO plugin v20.1 - https:\/\/yoast.com\/wordpress\/plugins\/seo\/ -->\n<title>P.H.U Hurtownia stali Justyna Kobus - Szczytno<\/title>\n<meta name=\"description\" content=\"S\u0105 one elementem konstrukcyjnym z bardzo szerokim zastosowaniem w budownictwie. Sprawdz\u0105 si\u0119 znakomicie przy wznoszeniu r\u00f3\u017cnego rodzaju obiekt\u00f3w m.in. handlowych, sportowych, czy produkcyjnych.\" \/>\n<meta name=\"robots\" content=\"index, follow, max-snippet:-1, max-image-preview:large, max-video-preview:-1\" \/>\n<link rel=\"canonical\" href=\"https:\/\/stalszczytno.pl\/index.php\/profile-stalowe\/\" \/>\n<meta property=\"og:locale\" content=\"pl_PL\" \/>\n<meta property=\"og:type\" content=\"article\" \/>\n<meta property=\"og:title\" content=\"P.H.U Hurtownia stali Justyna Kobus - Szczytno\" \/>\n<meta property=\"og:description\" content=\"S\u0105 one elementem konstrukcyjnym z bardzo szerokim zastosowaniem w budownictwie. Sprawdz\u0105 si\u0119 znakomicie przy wznoszeniu r\u00f3\u017cnego rodzaju obiekt\u00f3w m.in. handlowych, sportowych, czy produkcyjnych.\" \/>\n<meta property=\"og:url\" content=\"https:\/\/stalszczytno.pl\/index.php\/profile-stalowe\/\" \/>\n<meta property=\"og:site_name\" content=\"P.H.U Hurtownia Stali Justyna Kobus\" \/>\n<meta property=\"article:modified_time\" content=\"2023-02-26T13:16:03+00:00\" \/>\n<meta property=\"og:image\" content=\"https:\/\/stalszczytno.pl\/wp-content\/uploads\/2023\/02\/profile_stalowe_kobus_2.jpeg\" \/>\n<meta name=\"twitter:card\" content=\"summary_large_image\" \/>\n<meta name=\"twitter:label1\" content=\"Szacowany czas czytania\" \/>\n\t<meta name=\"twitter:data1\" content=\"1 minuta\" \/>\n<script type=\"application\/ld+json\" class=\"yoast-schema-graph\">{\"@context\":\"https:\/\/schema.org\",\"@graph\":[{\"@type\":\"WebPage\",\"@id\":\"https:\/\/stalszczytno.pl\/index.php\/profile-stalowe\/\",\"url\":\"https:\/\/stalszczytno.pl\/index.php\/profile-stalowe\/\",\"name\":\"P.H.U Hurtownia stali Justyna Kobus - Szczytno\",\"isPartOf\":{\"@id\":\"https:\/\/stalszczytno.pl\/#website\"},\"datePublished\":\"2023-01-22T20:42:36+00:00\",\"dateModified\":\"2023-02-26T13:16:03+00:00\",\"description\":\"S\u0105 one elementem konstrukcyjnym z bardzo szerokim zastosowaniem w budownictwie. Sprawdz\u0105 si\u0119 znakomicie przy wznoszeniu r\u00f3\u017cnego rodzaju obiekt\u00f3w m.in. handlowych, sportowych, czy produkcyjnych.\",\"breadcrumb\":{\"@id\":\"https:\/\/stalszczytno.pl\/index.php\/profile-stalowe\/#breadcrumb\"},\"inLanguage\":\"pl-PL\",\"potentialAction\":[{\"@type\":\"ReadAction\",\"target\":[\"https:\/\/stalszczytno.pl\/index.php\/profile-stalowe\/\"]}]},{\"@type\":\"BreadcrumbList\",\"@id\":\"https:\/\/stalszczytno.pl\/index.php\/profile-stalowe\/#breadcrumb\",\"itemListElement\":[{\"@type\":\"ListItem\",\"position\":1,\"name\":\"Home\",\"item\":\"https:\/\/stalszczytno.pl\/\"},{\"@type\":\"ListItem\",\"position\":2,\"name\":\"Profile stalowe\"}]},{\"@type\":\"WebSite\",\"@id\":\"https:\/\/stalszczytno.pl\/#website\",\"url\":\"https:\/\/stalszczytno.pl\/\",\"name\":\"P.H.U Hurtownia Stali Justyna Kobus\",\"description\":\"P.H.U Hurtownia Stali Justyna Kobus\",\"publisher\":{\"@id\":\"https:\/\/stalszczytno.pl\/#organization\"},\"alternateName\":\"Hurtownia Stali Szczytno\",\"potentialAction\":[{\"@type\":\"SearchAction\",\"target\":{\"@type\":\"EntryPoint\",\"urlTemplate\":\"https:\/\/stalszczytno.pl\/?s={search_term_string}\"},\"query-input\":\"required name=search_term_string\"}],\"inLanguage\":\"pl-PL\"},{\"@type\":\"Organization\",\"@id\":\"https:\/\/stalszczytno.pl\/#organization\",\"name\":\"P.H.U Hurtownia Stali Justyna Kobus\",\"alternateName\":\"P.H.U Hurtownia Stali Justyna Kobus\",\"url\":\"https:\/\/stalszczytno.pl\/\",\"logo\":{\"@type\":\"ImageObject\",\"inLanguage\":\"pl-PL\",\"@id\":\"https:\/\/stalszczytno.pl\/#\/schema\/logo\/image\/\",\"url\":\"https:\/\/stalszczytno.pl\/wp-content\/uploads\/2023\/02\/stal_logo.webp\",\"contentUrl\":\"https:\/\/stalszczytno.pl\/wp-content\/uploads\/2023\/02\/stal_logo.webp\",\"width\":730,\"height\":512,\"caption\":\"P.H.U Hurtownia Stali Justyna Kobus\"},\"image\":{\"@id\":\"https:\/\/stalszczytno.pl\/#\/schema\/logo\/image\/\"}}]}<\/script>\n<!-- \/ Yoast SEO plugin. -->","yoast_head_json":{"title":"P.H.U Hurtownia stali Justyna Kobus - Szczytno","description":"S\u0105 one elementem konstrukcyjnym z bardzo szerokim zastosowaniem w budownictwie. Sprawdz\u0105 si\u0119 znakomicie przy wznoszeniu r\u00f3\u017cnego rodzaju obiekt\u00f3w m.in. handlowych, sportowych, czy produkcyjnych.","robots":{"index":"index","follow":"follow","max-snippet":"max-snippet:-1","max-image-preview":"max-image-preview:large","max-video-preview":"max-video-preview:-1"},"canonical":"https:\/\/stalszczytno.pl\/index.php\/profile-stalowe\/","og_locale":"pl_PL","og_type":"article","og_title":"P.H.U Hurtownia stali Justyna Kobus - Szczytno","og_description":"S\u0105 one elementem konstrukcyjnym z bardzo szerokim zastosowaniem w budownictwie. Sprawdz\u0105 si\u0119 znakomicie przy wznoszeniu r\u00f3\u017cnego rodzaju obiekt\u00f3w m.in. handlowych, sportowych, czy produkcyjnych.","og_url":"https:\/\/stalszczytno.pl\/index.php\/profile-stalowe\/","og_site_name":"P.H.U Hurtownia Stali Justyna Kobus","article_modified_time":"2023-02-26T13:16:03+00:00","og_image":[{"url":"https:\/\/stalszczytno.pl\/wp-content\/uploads\/2023\/02\/profile_stalowe_kobus_2.jpeg"}],"twitter_card":"summary_large_image","twitter_misc":{"Szacowany czas czytania":"1 minuta"},"schema":{"@context":"https:\/\/schema.org","@graph":[{"@type":"WebPage","@id":"https:\/\/stalszczytno.pl\/index.php\/profile-stalowe\/","url":"https:\/\/stalszczytno.pl\/index.php\/profile-stalowe\/","name":"P.H.U Hurtownia stali Justyna Kobus - Szczytno","isPartOf":{"@id":"https:\/\/stalszczytno.pl\/#website"},"datePublished":"2023-01-22T20:42:36+00:00","dateModified":"2023-02-26T13:16:03+00:00","description":"S\u0105 one elementem konstrukcyjnym z bardzo szerokim zastosowaniem w budownictwie. Sprawdz\u0105 si\u0119 znakomicie przy wznoszeniu r\u00f3\u017cnego rodzaju obiekt\u00f3w m.in. handlowych, sportowych, czy produkcyjnych.","breadcrumb":{"@id":"https:\/\/stalszczytno.pl\/index.php\/profile-stalowe\/#breadcrumb"},"inLanguage":"pl-PL","potentialAction":[{"@type":"ReadAction","target":["https:\/\/stalszczytno.pl\/index.php\/profile-stalowe\/"]}]},{"@type":"BreadcrumbList","@id":"https:\/\/stalszczytno.pl\/index.php\/profile-stalowe\/#breadcrumb","itemListElement":[{"@type":"ListItem","position":1,"name":"Home","item":"https:\/\/stalszczytno.pl\/"},{"@type":"ListItem","position":2,"name":"Profile stalowe"}]},{"@type":"WebSite","@id":"https:\/\/stalszczytno.pl\/#website","url":"https:\/\/stalszczytno.pl\/","name":"P.H.U Hurtownia Stali Justyna Kobus","description":"P.H.U Hurtownia Stali Justyna Kobus","publisher":{"@id":"https:\/\/stalszczytno.pl\/#organization"},"alternateName":"Hurtownia Stali Szczytno","potentialAction":[{"@type":"SearchAction","target":{"@type":"EntryPoint","urlTemplate":"https:\/\/stalszczytno.pl\/?s={search_term_string}"},"query-input":"required name=search_term_string"}],"inLanguage":"pl-PL"},{"@type":"Organization","@id":"https:\/\/stalszczytno.pl\/#organization","name":"P.H.U Hurtownia Stali Justyna Kobus","alternateName":"P.H.U Hurtownia Stali Justyna Kobus","url":"https:\/\/stalszczytno.pl\/","logo":{"@type":"ImageObject","inLanguage":"pl-PL","@id":"https:\/\/stalszczytno.pl\/#\/schema\/logo\/image\/","url":"https:\/\/stalszczytno.pl\/wp-content\/uploads\/2023\/02\/stal_logo.webp","contentUrl":"https:\/\/stalszczytno.pl\/wp-content\/uploads\/2023\/02\/stal_logo.webp","width":730,"height":512,"caption":"P.H.U Hurtownia Stali Justyna Kobus"},"image":{"@id":"https:\/\/stalszczytno.pl\/#\/schema\/logo\/image\/"}}]}},"_links":{"self":[{"href":"https:\/\/stalszczytno.pl\/index.php\/wp-json\/wp\/v2\/pages\/127"}],"collection":[{"href":"https:\/\/stalszczytno.pl\/index.php\/wp-json\/wp\/v2\/pages"}],"about":[{"href":"https:\/\/stalszczytno.pl\/index.php\/wp-json\/wp\/v2\/types\/page"}],"author":[{"embeddable":true,"href":"https:\/\/stalszczytno.pl\/index.php\/wp-json\/wp\/v2\/users\/1"}],"replies":[{"embeddable":true,"href":"https:\/\/stalszczytno.pl\/index.php\/wp-json\/wp\/v2\/comments?post=127"}],"version-history":[{"count":2,"href":"https:\/\/stalszczytno.pl\/index.php\/wp-json\/wp\/v2\/pages\/127\/revisions"}],"predecessor-version":[{"id":268,"href":"https:\/\/stalszczytno.pl\/index.php\/wp-json\/wp\/v2\/pages\/127\/revisions\/268"}],"wp:attachment":[{"href":"https:\/\/stalszczytno.pl\/index.php\/wp-json\/wp\/v2\/media?parent=127"}],"curies":[{"name":"wp","href":"https:\/\/api.w.org\/{rel}","templated":true}]}}