{"id":113,"date":"2023-01-22T20:10:04","date_gmt":"2023-01-22T20:10:04","guid":{"rendered":"https:\/\/stalszczytno.pl\/?page_id=113"},"modified":"2023-02-26T14:18:14","modified_gmt":"2023-02-26T14:18:14","slug":"o-firmie","status":"publish","type":"page","link":"https:\/\/stalszczytno.pl\/index.php\/o-firmie\/","title":{"rendered":"O firmie"},"content":{"rendered":"\n<div class=\"is-layout-flex wp-container-4 wp-block-columns has-text-color\" style=\"color:#525050\">\n<div class=\"is-layout-flow wp-block-column\">\n<p>Jeste\u015bmy rodzinn\u0105, pokoleniow\u0105 firm\u0105, kt\u00f3ra jest na rynku ju\u017c nieprzerwanie od 30 lat! Przez ten czas uda\u0142o nam si\u0119 zyska\u0107 zaufanie wielu lokalnych przedsi\u0119biorc\u00f3w oraz klient\u00f3w indywidualnych. Sprzedajemy stal najwy\u017cszej jako\u015bci, wi\u0119c bez wzgl\u0119du na to, czy potrzebujesz stali zbrojeniowej, kszta\u0142townik\u00f3w zimnogi\u0119tych, czy innych wyrob\u00f3w hutniczych, mo\u017cesz mie\u0107 pewno\u015b\u0107, \u017ce otrzymasz w\u0142a\u015bnie to, czego potrzebujesz. Posiadamy w\u0142asny transport, a zam\u00f3wienia realizujemy tak\u017ce mailowo, aby zapewni\u0107 naszym klientom jak najwi\u0119kszy komfort przy dokonywaniu zakup\u00f3w.<\/p>\n\n\n\n<figure class=\"is-layout-flex wp-block-gallery-1 wp-block-gallery has-nested-images columns-default is-cropped\">\n<figure class=\"wp-block-image size-large\"><img decoding=\"async\" loading=\"lazy\" width=\"1024\" height=\"768\" src=\"https:\/\/stalszczytno.pl\/wp-content\/uploads\/2023\/02\/firma_1.jpeg\" alt=\"firma\" class=\"wp-image-310\" srcset=\"https:\/\/stalszczytno.pl\/wp-content\/uploads\/2023\/02\/firma_1.jpeg 1024w, https:\/\/stalszczytno.pl\/wp-content\/uploads\/2023\/02\/firma_1-300x225.jpeg 300w, https:\/\/stalszczytno.pl\/wp-content\/uploads\/2023\/02\/firma_1-768x576.jpeg 768w\" sizes=\"(max-width: 1024px) 100vw, 1024px\" \/><\/figure>\n\n\n\n<figure class=\"wp-block-image size-large\"><img decoding=\"async\" loading=\"lazy\" width=\"1024\" height=\"768\" src=\"https:\/\/stalszczytno.pl\/wp-content\/uploads\/2023\/02\/firma_2.jpeg\" alt=\"firma\" class=\"wp-image-311\" srcset=\"https:\/\/stalszczytno.pl\/wp-content\/uploads\/2023\/02\/firma_2.jpeg 1024w, https:\/\/stalszczytno.pl\/wp-content\/uploads\/2023\/02\/firma_2-300x225.jpeg 300w, https:\/\/stalszczytno.pl\/wp-content\/uploads\/2023\/02\/firma_2-768x576.jpeg 768w\" sizes=\"(max-width: 1024px) 100vw, 1024px\" \/><\/figure>\n\n\n\n<figure class=\"wp-block-image size-large\"><img decoding=\"async\" loading=\"lazy\" width=\"768\" height=\"1024\" src=\"https:\/\/stalszczytno.pl\/wp-content\/uploads\/2023\/02\/firma_3.jpeg\" alt=\"firma\" class=\"wp-image-312\" srcset=\"https:\/\/stalszczytno.pl\/wp-content\/uploads\/2023\/02\/firma_3.jpeg 768w, https:\/\/stalszczytno.pl\/wp-content\/uploads\/2023\/02\/firma_3-225x300.jpeg 225w\" sizes=\"(max-width: 768px) 100vw, 768px\" \/><\/figure>\n<\/figure>\n<\/div>\n<\/div>\n","protected":false},"excerpt":{"rendered":"<p>Jeste\u015bmy rodzinn\u0105, pokoleniow\u0105 firm\u0105, kt\u00f3ra jest na rynku ju\u017c nieprzerwanie od 30 lat! Przez ten czas uda\u0142o nam si\u0119 zyska\u0107 zaufanie wielu lokalnych przedsi\u0119biorc\u00f3w oraz klient\u00f3w indywidualnych. Sprzedajemy stal najwy\u017cszej jako\u015bci, wi\u0119c bez wzgl\u0119du na to, czy potrzebujesz stali zbrojeniowej, kszta\u0142townik\u00f3w zimnogi\u0119tych, czy innych wyrob\u00f3w hutniczych, mo\u017cesz mie\u0107 pewno\u015b\u0107, \u017ce otrzymasz w\u0142a\u015bnie to, czego potrzebujesz. [&hellip;]<\/p>\n","protected":false},"author":1,"featured_media":0,"parent":0,"menu_order":0,"comment_status":"closed","ping_status":"closed","template":"","meta":[],"yoast_head":"<!-- This site is optimized with the Yoast SEO plugin v20.1 - https:\/\/yoast.com\/wordpress\/plugins\/seo\/ -->\n<title>P.H.U Hurtownia stali Justyna Kobus - Szczytno<\/title>\n<meta name=\"description\" content=\"Jeste\u015bmy rodzinn\u0105, pokoleniow\u0105 firm\u0105, kt\u00f3ra jest na rynku ju\u017c nieprzerwanie od 30 lat! Przez ten czas uda\u0142o nam si\u0119 zyska\u0107 zaufanie wielu lokalnych przedsi\u0119biorc\u00f3w oraz klient\u00f3w indywidualnych. Sprzedajemy stal najwy\u017cszej jako\u015bc.\" \/>\n<meta name=\"robots\" content=\"index, follow, max-snippet:-1, max-image-preview:large, max-video-preview:-1\" \/>\n<link rel=\"canonical\" href=\"https:\/\/stalszczytno.pl\/index.php\/o-firmie\/\" \/>\n<meta property=\"og:locale\" content=\"pl_PL\" \/>\n<meta property=\"og:type\" content=\"article\" \/>\n<meta property=\"og:title\" content=\"P.H.U Hurtownia stali Justyna Kobus - Szczytno\" \/>\n<meta property=\"og:description\" content=\"Jeste\u015bmy rodzinn\u0105, pokoleniow\u0105 firm\u0105, kt\u00f3ra jest na rynku ju\u017c nieprzerwanie od 30 lat! Przez ten czas uda\u0142o nam si\u0119 zyska\u0107 zaufanie wielu lokalnych przedsi\u0119biorc\u00f3w oraz klient\u00f3w indywidualnych. Sprzedajemy stal najwy\u017cszej jako\u015bc.\" \/>\n<meta property=\"og:url\" content=\"https:\/\/stalszczytno.pl\/index.php\/o-firmie\/\" \/>\n<meta property=\"og:site_name\" content=\"P.H.U Hurtownia Stali Justyna Kobus\" \/>\n<meta property=\"article:modified_time\" content=\"2023-02-26T14:18:14+00:00\" \/>\n<meta property=\"og:image\" content=\"https:\/\/stalszczytno.pl\/wp-content\/uploads\/2023\/02\/firma_1.jpeg\" \/>\n<meta name=\"twitter:card\" content=\"summary_large_image\" \/>\n<meta name=\"twitter:label1\" content=\"Szacowany czas czytania\" \/>\n\t<meta name=\"twitter:data1\" content=\"2 minuty\" \/>\n<script type=\"application\/ld+json\" class=\"yoast-schema-graph\">{\"@context\":\"https:\/\/schema.org\",\"@graph\":[{\"@type\":\"WebPage\",\"@id\":\"https:\/\/stalszczytno.pl\/index.php\/o-firmie\/\",\"url\":\"https:\/\/stalszczytno.pl\/index.php\/o-firmie\/\",\"name\":\"P.H.U Hurtownia stali Justyna Kobus - Szczytno\",\"isPartOf\":{\"@id\":\"https:\/\/stalszczytno.pl\/#website\"},\"datePublished\":\"2023-01-22T20:10:04+00:00\",\"dateModified\":\"2023-02-26T14:18:14+00:00\",\"description\":\"Jeste\u015bmy rodzinn\u0105, pokoleniow\u0105 firm\u0105, kt\u00f3ra jest na rynku ju\u017c nieprzerwanie od 30 lat! Przez ten czas uda\u0142o nam si\u0119 zyska\u0107 zaufanie wielu lokalnych przedsi\u0119biorc\u00f3w oraz klient\u00f3w indywidualnych. Sprzedajemy stal najwy\u017cszej jako\u015bc.\",\"breadcrumb\":{\"@id\":\"https:\/\/stalszczytno.pl\/index.php\/o-firmie\/#breadcrumb\"},\"inLanguage\":\"pl-PL\",\"potentialAction\":[{\"@type\":\"ReadAction\",\"target\":[\"https:\/\/stalszczytno.pl\/index.php\/o-firmie\/\"]}]},{\"@type\":\"BreadcrumbList\",\"@id\":\"https:\/\/stalszczytno.pl\/index.php\/o-firmie\/#breadcrumb\",\"itemListElement\":[{\"@type\":\"ListItem\",\"position\":1,\"name\":\"Home\",\"item\":\"https:\/\/stalszczytno.pl\/\"},{\"@type\":\"ListItem\",\"position\":2,\"name\":\"O firmie\"}]},{\"@type\":\"WebSite\",\"@id\":\"https:\/\/stalszczytno.pl\/#website\",\"url\":\"https:\/\/stalszczytno.pl\/\",\"name\":\"P.H.U Hurtownia Stali Justyna Kobus\",\"description\":\"P.H.U Hurtownia Stali Justyna Kobus\",\"publisher\":{\"@id\":\"https:\/\/stalszczytno.pl\/#organization\"},\"alternateName\":\"Hurtownia Stali Szczytno\",\"potentialAction\":[{\"@type\":\"SearchAction\",\"target\":{\"@type\":\"EntryPoint\",\"urlTemplate\":\"https:\/\/stalszczytno.pl\/?s={search_term_string}\"},\"query-input\":\"required name=search_term_string\"}],\"inLanguage\":\"pl-PL\"},{\"@type\":\"Organization\",\"@id\":\"https:\/\/stalszczytno.pl\/#organization\",\"name\":\"P.H.U Hurtownia Stali Justyna Kobus\",\"alternateName\":\"P.H.U Hurtownia Stali Justyna Kobus\",\"url\":\"https:\/\/stalszczytno.pl\/\",\"logo\":{\"@type\":\"ImageObject\",\"inLanguage\":\"pl-PL\",\"@id\":\"https:\/\/stalszczytno.pl\/#\/schema\/logo\/image\/\",\"url\":\"https:\/\/stalszczytno.pl\/wp-content\/uploads\/2023\/02\/stal_logo.webp\",\"contentUrl\":\"https:\/\/stalszczytno.pl\/wp-content\/uploads\/2023\/02\/stal_logo.webp\",\"width\":730,\"height\":512,\"caption\":\"P.H.U Hurtownia Stali Justyna Kobus\"},\"image\":{\"@id\":\"https:\/\/stalszczytno.pl\/#\/schema\/logo\/image\/\"}}]}<\/script>\n<!-- \/ Yoast SEO plugin. -->","yoast_head_json":{"title":"P.H.U Hurtownia stali Justyna Kobus - Szczytno","description":"Jeste\u015bmy rodzinn\u0105, pokoleniow\u0105 firm\u0105, kt\u00f3ra jest na rynku ju\u017c nieprzerwanie od 30 lat! Przez ten czas uda\u0142o nam si\u0119 zyska\u0107 zaufanie wielu lokalnych przedsi\u0119biorc\u00f3w oraz klient\u00f3w indywidualnych. Sprzedajemy stal najwy\u017cszej jako\u015bc.","robots":{"index":"index","follow":"follow","max-snippet":"max-snippet:-1","max-image-preview":"max-image-preview:large","max-video-preview":"max-video-preview:-1"},"canonical":"https:\/\/stalszczytno.pl\/index.php\/o-firmie\/","og_locale":"pl_PL","og_type":"article","og_title":"P.H.U Hurtownia stali Justyna Kobus - Szczytno","og_description":"Jeste\u015bmy rodzinn\u0105, pokoleniow\u0105 firm\u0105, kt\u00f3ra jest na rynku ju\u017c nieprzerwanie od 30 lat! Przez ten czas uda\u0142o nam si\u0119 zyska\u0107 zaufanie wielu lokalnych przedsi\u0119biorc\u00f3w oraz klient\u00f3w indywidualnych. Sprzedajemy stal najwy\u017cszej jako\u015bc.","og_url":"https:\/\/stalszczytno.pl\/index.php\/o-firmie\/","og_site_name":"P.H.U Hurtownia Stali Justyna Kobus","article_modified_time":"2023-02-26T14:18:14+00:00","og_image":[{"url":"https:\/\/stalszczytno.pl\/wp-content\/uploads\/2023\/02\/firma_1.jpeg"}],"twitter_card":"summary_large_image","twitter_misc":{"Szacowany czas czytania":"2 minuty"},"schema":{"@context":"https:\/\/schema.org","@graph":[{"@type":"WebPage","@id":"https:\/\/stalszczytno.pl\/index.php\/o-firmie\/","url":"https:\/\/stalszczytno.pl\/index.php\/o-firmie\/","name":"P.H.U Hurtownia stali Justyna Kobus - Szczytno","isPartOf":{"@id":"https:\/\/stalszczytno.pl\/#website"},"datePublished":"2023-01-22T20:10:04+00:00","dateModified":"2023-02-26T14:18:14+00:00","description":"Jeste\u015bmy rodzinn\u0105, pokoleniow\u0105 firm\u0105, kt\u00f3ra jest na rynku ju\u017c nieprzerwanie od 30 lat! Przez ten czas uda\u0142o nam si\u0119 zyska\u0107 zaufanie wielu lokalnych przedsi\u0119biorc\u00f3w oraz klient\u00f3w indywidualnych. Sprzedajemy stal najwy\u017cszej jako\u015bc.","breadcrumb":{"@id":"https:\/\/stalszczytno.pl\/index.php\/o-firmie\/#breadcrumb"},"inLanguage":"pl-PL","potentialAction":[{"@type":"ReadAction","target":["https:\/\/stalszczytno.pl\/index.php\/o-firmie\/"]}]},{"@type":"BreadcrumbList","@id":"https:\/\/stalszczytno.pl\/index.php\/o-firmie\/#breadcrumb","itemListElement":[{"@type":"ListItem","position":1,"name":"Home","item":"https:\/\/stalszczytno.pl\/"},{"@type":"ListItem","position":2,"name":"O firmie"}]},{"@type":"WebSite","@id":"https:\/\/stalszczytno.pl\/#website","url":"https:\/\/stalszczytno.pl\/","name":"P.H.U Hurtownia Stali Justyna Kobus","description":"P.H.U Hurtownia Stali Justyna Kobus","publisher":{"@id":"https:\/\/stalszczytno.pl\/#organization"},"alternateName":"Hurtownia Stali Szczytno","potentialAction":[{"@type":"SearchAction","target":{"@type":"EntryPoint","urlTemplate":"https:\/\/stalszczytno.pl\/?s={search_term_string}"},"query-input":"required name=search_term_string"}],"inLanguage":"pl-PL"},{"@type":"Organization","@id":"https:\/\/stalszczytno.pl\/#organization","name":"P.H.U Hurtownia Stali Justyna Kobus","alternateName":"P.H.U Hurtownia Stali Justyna Kobus","url":"https:\/\/stalszczytno.pl\/","logo":{"@type":"ImageObject","inLanguage":"pl-PL","@id":"https:\/\/stalszczytno.pl\/#\/schema\/logo\/image\/","url":"https:\/\/stalszczytno.pl\/wp-content\/uploads\/2023\/02\/stal_logo.webp","contentUrl":"https:\/\/stalszczytno.pl\/wp-content\/uploads\/2023\/02\/stal_logo.webp","width":730,"height":512,"caption":"P.H.U Hurtownia Stali Justyna Kobus"},"image":{"@id":"https:\/\/stalszczytno.pl\/#\/schema\/logo\/image\/"}}]}},"_links":{"self":[{"href":"https:\/\/stalszczytno.pl\/index.php\/wp-json\/wp\/v2\/pages\/113"}],"collection":[{"href":"https:\/\/stalszczytno.pl\/index.php\/wp-json\/wp\/v2\/pages"}],"about":[{"href":"https:\/\/stalszczytno.pl\/index.php\/wp-json\/wp\/v2\/types\/page"}],"author":[{"embeddable":true,"href":"https:\/\/stalszczytno.pl\/index.php\/wp-json\/wp\/v2\/users\/1"}],"replies":[{"embeddable":true,"href":"https:\/\/stalszczytno.pl\/index.php\/wp-json\/wp\/v2\/comments?post=113"}],"version-history":[{"count":6,"href":"https:\/\/stalszczytno.pl\/index.php\/wp-json\/wp\/v2\/pages\/113\/revisions"}],"predecessor-version":[{"id":314,"href":"https:\/\/stalszczytno.pl\/index.php\/wp-json\/wp\/v2\/pages\/113\/revisions\/314"}],"wp:attachment":[{"href":"https:\/\/stalszczytno.pl\/index.php\/wp-json\/wp\/v2\/media?parent=113"}],"curies":[{"name":"wp","href":"https:\/\/api.w.org\/{rel}","templated":true}]}}